{"id":48,"date":"2025-05-06T15:46:32","date_gmt":"2025-05-06T15:46:32","guid":{"rendered":"http:\/\/helloroseto.com\/travel\/"},"modified":"2025-05-22T22:43:44","modified_gmt":"2025-05-22T22:43:44","slug":"travel","status":"publish","type":"page","link":"https:\/\/helloroseto.com\/it\/travel\/","title":{"rendered":"Travel"},"content":{"rendered":"<h2>Aj\u00e1nlatunk<\/h2>\n<h2>tengerpart<\/h2>\n\n\n\n\n\n<h2><span style=\"color: #57c9e8ff; font-size: 35px;\">01<\/span>&nbsp;<span style=\"font-size: 18px;\">Tavasz-\u0151sz a tengerparton<\/span><\/h2>\n<p style=\"\">There are many variations of passages of Lorem Ipsum available, but the majority have suffered alteration in some form, by injected humour, or randomised words which don&#8217;t look even slightly believable.<\/p><br><p style=\"\">All the Lorem Ipsum generators on the Internet tend to repeat predefined chunks as necessary, making this the first true generator on the Internet.<\/p><p><span style=\"color: #000; font-family:open sans; font-size:24px; font-weight:600;\">~300 Eur\u00f3 \/ apartman<\/span><span style=\"color: #EE1616; font-family:open sans; font-size:24px; font-weight:600; margin-left:20px; text-decoration: line-through;\">470 Eur\u00f3<\/span><\/p>\n\n\n\n\n\n<h2><span style=\"color: #57c9e8ff; font-size: 35px;\">02<\/span>&nbsp;<span style=\"font-size: 18px;\">Rep\u00fcl\u0151 + Transzfer<\/span><\/h2>\n<p style=\"\">Hogyan jutnak el Rosetoba? Lehet\u0151s\u00e9gekr\u0151l \u00edrni.<\/p><br><p style=\"\">All the Lorem Ipsum generators on the Internet tend to repeat predefined chunks as necessary, making this the first true generator on the Internet.<\/p>\n<span style=\"font-family: &quot;open sans&quot;; font-size: 24px; font-weight: 600;\">~45 &#8211; 80 Eur\u00f3&nbsp;<\/span>\n\n\n\n\n\n\n\n\n\n\n<h2><span style=\"color: #57c9e8ff; font-size: 35px;\">01<\/span>&nbsp;<span style=\"font-size: 18px;\">ny\u00e1r a tengerparton<\/span><\/h2>\n<p style=\"\">There are many variations of passages of Lorem Ipsum available, but the majority have suffered alteration in some form, by injected humour, or randomised words which don&#8217;t look even slightly believable.<\/p><br><p style=\"\">All the Lorem Ipsum generators on the Internet tend to repeat predefined chunks as necessary, making this the first true generator on the Internet.<\/p><p><span style=\"color: #000; font-family:open sans; font-size:24px; font-weight:600;\">~550 Eur\u00f3 \/ apartman<\/span><span style=\"color: #EE1616; font-family:open sans; font-size:24px; font-weight:600; margin-left:20px; text-decoration: line-through;\">750 Eur\u00f3<\/span><\/p>\n\n\n\n\n\n\n<h2><span style=\"color: #57c9e8ff; font-size: 35px;\">02<\/span>&nbsp;<span style=\"font-size: 18px;\">Rep\u00fcl\u0151 + Transzfer<\/span><\/h2>\n<p style=\"\">There are many variations of passages of Lorem Ipsum available, but the majority have suffered alteration in some form, by injected humour, or randomised words which don&#8217;t look even slightly believable.<\/p><br><p style=\"\">All the Lorem Ipsum generators on the Internet tend to repeat predefined chunks as necessary, making this the first true generator on the Internet.<\/p><p><span style=\"font-family: &quot;open sans&quot;; font-size: 24px; font-weight: 600;\">~70 &#8211; 100 Eur\u00f3&nbsp;<\/span><\/p>\n\n\n\n\n\n\n\n\n<h2 style=\"color: rgb(64, 130, 190); text-decoration-style: initial;\"><font style=\"color: rgb(64, 130, 190); vertical-align: inherit;\">A legcsod\u00e1latosabb helyek, amik megl\u00e1togathat\u00f3k<\/font><\/h2>\n<h2>Legjobb \u00fatic\u00e9l!<\/h2>\n\n\n\n\n\n\n\n\n\n\n\n\n\n\n\n\n\n\n\n\n\n<p style=\"text-align: center; \">Fedezd fel a k\u00f6rny\u00e9k legvar\u00e1zslatosabb helyeit, ahol a term\u00e9szet, a kult\u00fara \u00e9s a t\u00f6rt\u00e9nelem tal\u00e1lkoz\u00e1sa felejthetetlen \u00e9lm\u00e9nyeket k\u00edn\u00e1l! Legyen sz\u00f3 egy akt\u00edv t\u00far\u00e1r\u00f3l, nyugodt pihen\u00e9sr\u0151l, kultur\u00e1lis felt\u00f6lt\u0151d\u00e9sr\u0151l vagy t\u00f6rt\u00e9nelmi felfedez\u00e9sekr\u0151l \u2013 innen minden csak egy karny\u00fajt\u00e1snyira van..<\/p>\n\n\n\n\n\n<p style=\"font-family: Rokkitt; font-size: 16px; text-align: left;\">Olaszorsz\u00e1g, Matera<\/p>\n\n\n<p style=\"font-family: Rokkitt; font-size: 16px; text-align: left;\">Olaszorsz\u00e1g, Roseto<\/p>\n\n\n<p style=\"font-family: Rokkitt; font-size: 16px; text-align: left;\">Olaszorsz\u00e1g, Alberobello<\/p>\n\n\n\n\n\n\n\n\n<h2>Best money &#8211; saving travel tips<\/h2>\n<h2>StarT Now!<\/h2>\n\n<p style=\"text-align: center; \">Lorem Ipsum has been the industry&#8217;s standard dummy text ever since the 1500s.<\/p>\n\n\n\n\n\n\n\n\n\n\n\n\n\n\n\n\n\n\n\n\n\n\n\n\n\n\n\n\n\n\n\n\n\n\n\n\n\n\n\n\n\n\n\n\n\n\n\n\n\n\n\n\n\n\n\n\n\n\n\n\n\n\n\n\n\n\n\n\n\n\n\n<h2 style=\"color: rgb(64, 130, 190); text-decoration-style: initial;\">Gondolatok &amp; V\u00e9lem\u00e9nyek<\/h2>\n<h2>Vend\u00e9geink<\/h2>","protected":false},"excerpt":{"rendered":"","protected":false},"author":1,"featured_media":0,"parent":0,"menu_order":0,"comment_status":"closed","ping_status":"closed","template":"","meta":{"pagelayer_contact_templates":[],"_pagelayer_content":"","footnotes":""},"class_list":["post-48","page","type-page","status-publish","hentry"],"_links":{"self":[{"href":"https:\/\/helloroseto.com\/it\/wp-json\/wp\/v2\/pages\/48","targetHints":{"allow":["GET"]}}],"collection":[{"href":"https:\/\/helloroseto.com\/it\/wp-json\/wp\/v2\/pages"}],"about":[{"href":"https:\/\/helloroseto.com\/it\/wp-json\/wp\/v2\/types\/page"}],"author":[{"embeddable":true,"href":"https:\/\/helloroseto.com\/it\/wp-json\/wp\/v2\/users\/1"}],"replies":[{"embeddable":true,"href":"https:\/\/helloroseto.com\/it\/wp-json\/wp\/v2\/comments?post=48"}],"version-history":[{"count":8,"href":"https:\/\/helloroseto.com\/it\/wp-json\/wp\/v2\/pages\/48\/revisions"}],"predecessor-version":[{"id":297,"href":"https:\/\/helloroseto.com\/it\/wp-json\/wp\/v2\/pages\/48\/revisions\/297"}],"wp:attachment":[{"href":"https:\/\/helloroseto.com\/it\/wp-json\/wp\/v2\/media?parent=48"}],"curies":[{"name":"wp","href":"https:\/\/api.w.org\/{rel}","templated":true}]}}