{"id":47,"date":"2025-05-06T15:46:32","date_gmt":"2025-05-06T15:46:32","guid":{"rendered":"http:\/\/helloroseto.com\/about\/"},"modified":"2026-02-26T17:12:27","modified_gmt":"2026-02-26T17:12:27","slug":"about","status":"publish","type":"page","link":"https:\/\/helloroseto.com\/it\/about\/","title":{"rendered":"CHI SIAMO"},"content":{"rendered":"<p><br><\/p>\n\n\n\n\n<h2>Perch\u00e9 vale la pena venire a Roseto?<\/h2>\n<h2>dove la festa prende vita!<\/h2>\n\n\n\n\n\n\n\n\n\n\n<h2>Vi presentiamo il comune di Roseto Capo Spulico: Roseto, il paese delle Rose e dei Ciliegi!<\/h2>\n<p style=\"color: rgb(34, 34, 34); font-family: Open Sans; font-size: 14; background-color: rgb(255, 255, 255);\"><span style=\"font-family:Open Sans; font-size: 14pt; text-align: justify;\">\n<\/span><\/p><p class=\"MsoNormal\" style=\"margin: 0cm 0cm 10pt; text-align: justify; line-height: 16.8667px; font-size: 11pt; font-family: Calibri, sans-serif;\"><span style=\"font-size: 10pt; line-height: 18px; font-family: Open Sans;\">Il piccolo borgo di Roseto sorge su una piccola collina a picco sul mare. \u00c8 ricco di vicoli e piazzette. Possiamo ammirare gli antichi edifici che testimoniano la storia locale, a partire dalla Chiesa Madre di San Nicola di Myra, intitolata a uno dei santi pi\u00f9 venerati del luogo. Da non perdere anche la Chiesa dell'Immacolata Concezione, dedicata a Santo Toratto.<\/span><\/p>\n<p style=\"color: rgb(34, 34, 34); font-family: Open Sans; font-size: 14; background-color: rgb(255, 255, 255);\"><span style=\"font-family:Open Sans; font-size: 14pt; text-align: justify;\">\n<\/span><\/p><p class=\"MsoNormal\" style=\"margin: 0cm 0cm 10pt; text-align: justify; line-height: 16.8667px; font-size: 11pt; font-family: Calibri, sans-serif;\"><span style=\"font-size: 10pt; line-height: 18px; font-family: Open Sans;\">Non dimenticate di visitare i palazzi nobiliari, come il Palazzo Baronale, ma anche la Fontana di San Vitale, il monumento pi\u00f9 antico di Rosetto Capo Spulico, \u00e8 un'attrazione interessante. Il vicolo, che prende il nome dal furto di baci, \u00e8 molto popolare tra i turisti. I cuori dei romantici ameranno Vinella degli Innamorati, uno dei vicoli pi\u00f9 stretti d'Europa, progettato appositamente per rubare un bacio.<\/span><\/p><p style=\"color: rgb(34, 34, 34); font-family: Open Sans; font-size: 14; background-color: rgb(255, 255, 255);\"><span style=\"font-family:Open Sans; font-size: 14pt; text-align: justify;\">\n<\/span><\/p><p class=\"MsoNormal\" style=\"margin: 0cm 0cm 10pt; text-align: justify; line-height: 16.8667px; font-size: 11pt; font-family: Calibri, sans-serif;\"><span style=\"font-size: 10pt; line-height: 18px; font-family: Open Sans;\">La primavera \u00e8 il periodo perfetto per visitare il borgo di Roseto! Perch\u00e9 \u00e8 in questo periodo che fioriscono i due prodotti pi\u00f9 preziosi della gente del posto: rose e ciliegie. Le sagre pi\u00f9 belle di Roseto si svolgono proprio attorno a questi fiori. Roseto Capo Spulico \u00e8 diventato il Borgo delle Rose e dei Ciliegi proprio grazie a loro, ed \u00e8 da qui che nasce l'identit\u00e0 del paese.<\/span><\/p><p style=\"color: rgb(34, 34, 34); font-family: Open Sans; font-size: 14; background-color: rgb(255, 255, 255);\"><span style=\"font-family:Open Sans; font-size: 14pt; text-align: justify;\">\n<\/span><\/p><p class=\"MsoNormal\" style=\"margin: 0cm 0cm 10pt; text-align: justify; line-height: 16.8667px; font-size: 11pt; font-family: Calibri, sans-serif;\"><span style=\"font-size: 10pt; line-height: 18px; font-family: Open Sans;\">La citt\u00e0 \u00e8 circondata da splendidi roseti, che a maggio riempiono l'aria del loro meraviglioso profumo, i cui petali un tempo riempivano i cuscini delle principesse sibarite. Anche le ciliegie locali meritano di essere assaggiate: sono ciliegie De.Co. con Denominazione di Origine Comunitaria, e molti le considerano le migliori d'Italia.<\/span><\/p><p style=\"color: rgb(34, 34, 34); font-family: Open Sans; font-size: 14; background-color: rgb(255, 255, 255);\"><span style=\"font-family:Open Sans; font-size: 14pt; text-align: justify;\">\n<\/span><\/p><p class=\"MsoNormal\" style=\"margin: 0cm 0cm 10pt; text-align: justify; line-height: 16.8667px; font-size: 11pt; font-family: Calibri, sans-serif;\"><span style=\"font-size: 12pt; line-height: 18px; font-family: Open Sans;\"><strong>A Roseto troverete tutto ci\u00f2 che render\u00e0 il vostro viaggio indimenticabile!<\/strong><\/p>\n\n\n\n\n\n\n\n\n\n<p style=\"text-align: left; margin-left: 20px; margin-right: 10px;\"><font color=\"#57c9e8\" face=\"open sans\"><span style=\"font-size: 18px;\">MARE<\/span><\/font><\/p><p style=\"text-align: justify; margin-left: 20px; margin-right: 10px;\"><span style=\"color: rgb(49, 52, 57); font-family: Open Sans; font-size: 13px;\">Roseto Capo Spulico \u00e8 un grazioso paesino sulla costa ionica, nell'estremit\u00e0 orientale della Calabria. Qui troverete tutto il necessario per una vacanza o per esplorare la regione.&nbsp;<\/span><\/p><p style=\"text-align: justify; margin-left: 20px; margin-right: 10px;\"><span style=\"color: rgb(49, 52, 57); font-family: Open Sans; font-size: 13px;\"><br><\/span><\/p><p style=\"text-align: justify; margin-left: 20px; margin-right: 10px;\"><span style=\"color: rgb(49, 52, 57); font-family: Open Sans; font-size: 13px;\">Il terreno sabbioso \u00e8 un misto di ciottoli e ghiaia.\n\nLa spiaggia \u00e8 famosa in lungo e in largo per le sue acque cristalline. I visitatori possono rilassarsi su una delle spiagge pi\u00f9 eloquenti d'Italia, denominata Bandiere Blu. La classificazione distingue le spiagge l'una dall'altra principalmente in base alla purezza dell'acqua. Tuttavia, anche la sostenibilit\u00e0 ecologica della zona e i servizi turistici offerti sono stati considerati fattori importanti nella valutazione.\n\nNelle sue acque cristalline, possiamo ammirare lo svelarsi di numerose bellezze esotiche. Esplorare queste acque facendo immersioni o snorkeling \u00e8 un'esperienza fantastica. Questa zona, la costa ionica della Calabria, \u00e8 perfetta sia per il surf che per il kayak: chiunque trover\u00e0 qui la forma di intrattenimento perfetta.&nbsp;<\/span><\/p><p style=\"text-align: justify; margin-left: 20px; margin-right: 10px;\"><span style=\"color: rgb(49, 52, 57); font-family: Open Sans; font-size: 13px;\"><br><\/span><\/p><p style=\"text-align: justify; margin-left: 20px; margin-right: 10px;\"><span style=\"color: rgb(49, 52, 57); font-family: Open Sans; font-size: 13px;\">&nbsp;Possiamo anche visitare altre spiagge della zona, che offrono un'immagine leggermente diversa. Anche la spiaggia di Cala del Turco \u00e8 un piccolo microcosmo emozionante: un vero gioiello, un angolo di paradiso di purezza e tranquillit\u00e0, circondato da numerose piccole grotte marine. La terza opzione \u00e8 la spiaggia di sabbia bianca della Sibaritide, a pochi chilometri da Roseto, o la spiaggia di sabbia gialla di Villapiana.<\/span><\/p>\n<p style=\"text-align: left; margin-left: 20px; margin-right: 20px;\"><font color=\"#57c9e8\" face=\"open sans\"><span style=\"font-size: 18px;\">TURISMO<\/span><\/font><\/p><p style=\"text-align: left; margin-left: 20px; margin-right: 20px;\"><font color=\"#57c9e8\" face=\"open sans\"><span style=\"font-size: 18px;\"><br><\/span><\/font><\/p><p style=\"text-align: justify; margin-left: 20px; margin-right: 20px;\"><span style=\"color: rgb(49, 52, 57); font-family: Open Sans; font-size: 13px;\">Gyere a k\u00e1pr\u00e1zatos Calabri\u00e1ba, fedezd fel a m\u00edtoszok f\u00f6ldj\u00e9t: az inspir\u00e1l\u00f3 zord dombokat \u00e9s gy\u00f6ny\u00f6r\u0171s\u00e9ges tengerpartot.\n\nEhhez remek lehet\u0151s\u00e9g a Casa Roseto Apartman, ahonnan  csillagt\u00far\u00e1zhatsz, felfedezheted a k\u00f6rny\u00e9ket, vagy egyszer\u0171en les\u00e9t\u00e1lhatsz a partra hogy megm\u00e1rt\u00f3zz a J\u00f3n-tenger b\u00e1rsonyos viz\u00e9ben.<\/span><\/p><p style=\"text-align: justify; margin-left: 20px; margin-right: 20px;\"><span style=\"color: rgb(49, 52, 57); font-family: Open Sans; font-size: 13px;\">&nbsp;<\/span><\/p><p style=\"text-align: justify; margin-left: 20px; margin-right: 20px;\"><span style=\"color: rgb(49, 52, 57); font-family: Rokkitt; font-size: 16px;\">&nbsp;La regione \u00e8 incredibilmente ricca di arte e cultura. Secondo la tradizione locale, anche il grande avventuriero marinaro della mitologia greca, Ulisse, visit\u00f2 questa regione, ma la gente del posto lo chiamava Ulisse in un modo un po' \"italiano\"...&nbsp;<\/span><\/p><p style=\"text-align: justify; margin-left: 20px; margin-right: 20px;\"><span style=\"color: rgb(49, 52, 57); font-family: Rokkitt; font-size: 16px;\"><br><\/span><\/p><p style=\"text-align: justify; margin-left: 20px; margin-right: 20px;\"><span style=\"color: rgb(49, 52, 57); font-family: Rokkitt; font-size: 16px;\">I suoi paesaggi sono semplicemente mozzafiato, basti pensare alle acque cristalline del Mar Ionio e alle montagne altissime, abbaglianti e al tempo stesso aspre degli Appennini. Non c'\u00e8 da stupirsi che questa terra sia diventata il punto di partenza per innumerevoli miti e leggende nel corso della storia. Dopotutto, Ulisse navig\u00f2 attraverso la Calabria...\n\nRoseto Capo Spulico \u00e8 una delle zone pi\u00f9 belle della Calabria, vale la pena di esplorare la regione pi\u00f9 da vicino.<\/span><\/p>\n<p style=\"text-align: left; margin-left: 20px; margin-right: 20px;\"><br><font color=\"#57c9e8\" face=\"open sans\"><span style=\"font-size: 18px;\">STORIA<\/span><\/font><\/p><p style=\"text-align: justify; margin-left: 20px; margin-right: 20px;\"><span style=\"color: rgb(49, 52, 57); font-family: Open Sans; font-size: 13px;\">L'antico castello di Roseto sorge sulla costa di Tangeri. Situato nella pittoresca Calabria, il castello risale al X secolo. All'epoca, svolse un ruolo importante come fortezza strategica, anche durante la conquista normanna.&nbsp;<\/span><\/p><p style=\"text-align: justify; margin-left: 20px; margin-right: 20px;\"><span style=\"color: rgb(49, 52, 57); font-family: Open Sans; font-size: 13px;\">Az er\u0151d \u00e9p\u00edt\u00e9szet\u00e9ben k\u00fcl\u00f6nb\u00f6z\u0151 st\u00edlusok r\u00e9v\u00e9n k\u00f6sz\u00f6n vissza a r\u00e9gi korok \u00e9s uralkod\u00f3k hat\u00e1sa: normann alapok, a biz\u00e1nci hat\u00e1s, renesz\u00e1nsz st\u00edlusjegyek egy\u00fctt. Roseto kast\u00e9lya olyan, ak\u00e1r egy k\u0151b\u0151l k\u00e9sz\u00edtett kolossz\u00e1lis m\u00e9ret\u0171 id\u0151kapszula, ahol minden k\u0151 elmes\u00e9li a maga saj\u00e1tos t\u00f6rt\u00e9net\u00e9t. K\u00f6zvetlen\u00fcl egy szikla sz\u00e9l\u00e9n helyezkedik el, \u00e9kes bizonys\u00e1g\u00e1ul annak, milyen kiemelked\u0151en fontos szerepet j\u00e1tszott a sz\u00e1razf\u00f6ld v\u00e9delm\u00e9ben: v\u00e9delmezte a roset\u00f3i partokat a tengerr\u0151l \u00e9rkez\u0151 t\u00e1mad\u00e1sokt\u00f3l.\n\nIzgalom \u00e9s misztikum kevered\u00e9se: a legend\u00e1k szerint II. Frigyes uralkod\u00e1sa alatt (1204 \u00e9s 1253 k\u00f6z\u00f6tt) a Templomos Lovagrend ebben a kast\u00e9lyban rejtegette a torin\u00f3i szent leplet, amely J\u00e9zus s\u00edrj\u00e1b\u00f3l sz\u00e1rmazott.\n\nMintha a &#8222;Tr\u00f3nok Harca&#8221; val\u00f3di jeleneteit l\u00e1tn\u00e1nk: a v\u00e1r vastag k\u0151falai \u00e9s sz\u00e9ps\u00e9ges tornyai k\u0151kem\u00e9ny csat\u00e1kr\u00f3l \u00e9s kalandos ostromokr\u00f3l mes\u00e9lnek.&nbsp;<\/span><\/p><p style=\"text-align: justify; margin-left: 20px; margin-right: 20px;\"><span style=\"color: rgb(49, 52, 57); font-family: Open Sans; font-size: 13px;\">Offrono uno sguardo a quei secoli di storia italiana, ricchi di intrighi e romanticismo, quando fortezze come il Castello di Roseto erano roccaforti di pietra del potere. Le antiche pietre testimoniano secoli di storia medievale. Qui i cavalieri normanni tentarono di conquistare il castello, e tra le sue mura di pietra vissero le nobili famiglie calabresi che potevano chiamare questo luogo la loro casa.<\/span><\/p>\n\n<p style=\"text-align: right; font-family: Rokkitt; font-size: 18px; color: #fff; margin-right: 10px;\">Roseto Capo Spulito<\/p>\n\n\n\n\n\n\n\n\n<h2 style=\"color: rgb(0, 138, 0);\">Perch\u00e9 scegliere noi?<\/h2>\n\n\n\n\n\n<p style=\"font-family:Open Sans; font-size: 16px;\">100 metri<\/p>\n\n\n<p style=\"font-family:Open Sans; font-size: 16px;\">60 Eur\u00f3 &#8211; 110 Eur\u00f3 \/ \u00c9j<\/p>\n\n\n<p style=\"font-family:Open Sans; font-size: 16px;\">\n\n\n\n\nper comodit\u00e0<\/p>\n\n\n<p style=\"font-family:Open Sans; font-size: 16px;\">\n\n\n\n\ninternet gratuito e veloce<\/p>\n\n\n<p style=\"font-family:Open Sans; font-size: 16px;\">\n\n\n\n\nnon dovrebbero restare a casa neanche loro<\/p>\n\n\n\n\n<p style=\"text-align: center; font-family:Open Sans; font-size: 14px;\">Scegliete la nostra sistemazione se cercate la vera ospitalit\u00e0 italiana, splendide viste sulla costa e una vacanza tranquilla ma emozionante. L'appartamento Casa Roseto \u00e8 la base perfetta per esplorare la zona e la regione, in un ambiente elegante, confortevole e stimolante. Non esitate: <strong data-start=\"275\" data-end=\"291\">prenota ora,<\/strong>e scopri lo stile di vita del sud Italia!<\/p>\n\n\n\n\n\n\n\n\n\n\n<h2>Dove ti senti a casa,<\/h2>\n<h2>Il nostro appartamento<\/h2>\n\n\n\n\n\n<br><p style=\"color:#fff; font-size:50px; font-family: Rokkitt;\"><font dir=\"auto\" style=\"vertical-align: inherit;\"><font dir=\"auto\" style=\"vertical-align: inherit;\">Balcone<\/font><\/font><\/p>\n\n\n<br><p style=\"color:#fff; font-size:50px; font-family: Rokkitt;\">Riposo<\/p>\n\n\n<br><p style=\"color:#fff; font-size:50px; font-family: Rokkitt;\">Camera da letto<\/p>\n\n\n\n\n<br><p style=\"color:#fff; font-size:50px; font-family: Rokkitt;\">Soggiorno<\/p>\n\n\n<br><p style=\"color:#fff; font-size:50px; font-family: Rokkitt;\">Bagno<\/p>\n\n\n<br><p style=\"color:#fff; font-size:50px; font-family: Rokkitt;\">Cucina<\/p>\n\n\n\n\n<br><p style=\"color:#fff; font-size:50px; font-family: Rokkitt;\"><font dir=\"auto\" style=\"vertical-align: inherit;\"><font dir=\"auto\" style=\"vertical-align: inherit;\">Comfort<\/font><\/font><\/p>\n\n\n<br><p style=\"color:#fff; font-size:50px; font-family: Rokkitt;\">Caff\u00e8<\/p>\n\n\n<br><p style=\"color:#fff; font-size:50px; font-family: Rokkitt;\">Animale domestico<\/p>\n\n\n\n\n\n\n\n\n<h2 style=\"color: rgb(225, 144, 37);\">Lo stile di vita di Roseto in immagini<\/h2>\n<h2>Dove rose e ciliegie creano una festa<\/h2>\n\n\n\n\n\n\n\n\n\n\n<h2 style=\"color: rgb(225, 144, 37);\">Tavasszal vir\u00e1gba borul a v\u00e1ros, m\u00e1jusban fesztiv\u00e1lok, ny\u00e1ron pezsg\u0151 tengerparti hangulat v\u00e1r. K\u00e9zm\u0171ves piacok, olasz k\u00e1v\u00e9z\u00f3k, \u00e9s az a bizonyos \u201edolce vita\u201d \u00e9let\u00e9rz\u00e9s&#8230;<\/h2>\n<p style=\"color: rgb(34, 34, 34); font-family: Dancing Script; font-size: small; background-color: rgb(255, 255, 255);\"><span style=\"font-family: &quot;Times New Roman&quot;, serif; font-size: 12pt; text-align: justify;\">\n<\/span><\/p><p class=\"MsoNormal\" style=\"margin: 0cm 0cm 10pt; color: rgb(8, 8, 9); background-color: rgb(255, 255, 255); text-align: justify; line-height: 16.8667px; font-size: 12pt; font-family: Open sans;\"><strong><span style=\"font-size: 20pt; line-height: 20px; font-family: Dancing Script;, serif;\">Escursione al Castello di Roseto<\/span><\/strong><\/p>\n<p class=\"MsoNormal\" style=\"margin: 0cm 0cm 10pt; color: rgb(8, 8, 9); background-color: rgb(255, 255, 255); text-align: justify; line-height: 16.8667px; font-size: 12pt; font-family: Open sans;\"><strong><span style=\"font-size: 20pt; line-height: 20px; font-family: Dancing Script;, serif;\"><\/span><\/strong><\/p><p style=\"color: rgb(34, 34, 34); font-family: Open Sans; font-size: 14; background-color: rgb(255, 255, 255);\"><span style=\"font-family:Open Sans; font-size: 14pt; text-align: justify;\">\n<\/span><\/p><p class=\"MsoNormal\" style=\"margin: 0cm 0cm 10pt; text-align: justify; line-height: 16.8667px; font-size: 11pt; font-family: Calibri, sans-serif;\"><span style=\"font-size: 10pt; line-height: 18px; font-family: Open Sans;\">Scopri il Castello di Roseto, uno dei gioielli misteriosi della Calabria, che non vede l'ora di condividere i suoi segreti e le sue storie con te e la tua famiglia.<\/span><\/p><p style=\"color: rgb(34, 34, 34); font-family: Open Sans; font-size: 14; background-color: rgb(255, 255, 255);\"><span style=\"font-family:Open Sans; font-size: 14pt; text-align: justify;\">\n<\/span><\/p><p class=\"MsoNormal\" style=\"margin: 0cm 0cm 10pt; text-align: justify; line-height: 16.8667px; font-size: 11pt; font-family: Calibri, sans-serif;\"><span style=\"font-size: 10pt; line-height: 18px; font-family: Open Sans;\">\"Il pozzo del passato \u00e8 profondo\", scrisse Thomas Mann, e ora \u00e8 il momento di immergersi in uno dei gioielli storici del passato di Roseto, il Castello di Roseto, che incarna la vita medievale! La magnifica struttura non \u00e8 solo uno spettacolo da ammirare, ma un viaggio nel tempo che si incarna in un luogo dove le leggende di Roseto prendono vita, prendendo forma davanti ai nostri occhi.<\/span><\/p><p style=\"color: rgb(34, 34, 34); font-family: Open Sans; font-size: 14; background-color: rgb(255, 255, 255);\"><span style=\"font-family:Open Sans; font-size: 14pt; text-align: justify;\">\n<\/span><\/p><p class=\"MsoNormal\" style=\"margin: 0cm 0cm 10pt; text-align: justify; line-height: 16.8667px; font-size: 11pt; font-family: Calibri, sans-serif;\"><span style=\"font-size: 10pt; line-height: 18px; font-family: Open Sans;\">Le mura del castello e le soluzioni architettoniche interne promettono un'esperienza abbagliante che lascer\u00e0 senza parole ogni visitatore con una spiccata sensibilit\u00e0 per la bellezza. Questo castello ha qualcosa da offrire a tutti, che siate appassionati di storia, amanti delle leggende o semplicemente amanti dell'estetica che amano ammirare il panorama magico.<\/span><\/p><p style=\"color: rgb(34, 34, 34); font-family: Open Sans; font-size: 14; background-color: rgb(255, 255, 255);\"><span style=\"font-family:Open Sans; font-size: 14pt; text-align: justify;\">\n<\/span><\/p><p class=\"MsoNormal\" style=\"margin: 0cm 0cm 10pt; text-align: justify; line-height: 16.8667px; font-size: 11pt; font-family: Calibri, sans-serif;\"><span style=\"font-size: 10pt; line-height: 18px; font-family: Open Sans;\">Vale la pena pianificare la visita al Castrum con largo anticipo, in modo da sfruttare al meglio la passeggiata storica.<\/span><\/p>\n\n\n\n\n<h2>ROSETO IN FOTO<\/h2>\n<h2><span style=\"color: rgb(0, 0, 0); font-family: &quot;open sans&quot;; font-size: 16px; font-weight: 400;\">Strade accoglienti, tramonti mediterranei, mura storiche, giardini di rose e mare cristallino.<\/span><\/h2>\n<h2><strong style=\"color: rgb(0, 0, 0); font-family: &quot;open sans&quot;; font-size: 16px;\">Immergiti nel colorato mondo di Roseto!<\/strong><\/h2>\n\n\n\n\n\n<p style=\"color: rgb(34, 34, 34); font-family: &quot;Open Sans&quot;; background-color: rgb(255, 255, 255); text-align: left;\"><strong>1. Scegli scarpe comode!<\/strong><\/p><p style=\"color: rgb(34, 34, 34); font-family: Open Sans; font-size: 14; background-color: rgb(255, 255, 255);\"><span style=\"font-family:Open Sans; font-size: 14pt; text-align: justify;\">\n<\/span><\/p><p class=\"MsoNormal\" style=\"margin: 0cm 0cm 10pt; text-align: justify; line-height: 16.8667px; font-size: 11pt; font-family: Calibri, sans-serif;\"><span style=\"font-size: 10pt; line-height: 18px; font-family: Open Sans;\">Indossate scarpe particolarmente comode per la visita, poich\u00e9 l'edificio presenta numerose scale. Il parco del castello e i dintorni richiedono un bel po' di cammino se volete immergervi nell'atmosfera storica. \u00c8 bene sentirsi comodi durante l'esplorazione.<\/span><\/p><p style=\"color: rgb(34, 34, 34); font-family: Open Sans; font-size: 14; background-color: rgb(255, 255, 255);\"><span style=\"font-family:Open Sans; font-size: 14pt; text-align: justify;\">\n<\/span><\/p><p class=\"MsoNormal\" style=\"margin: 0cm 0cm 10pt; text-align: justify; line-height: 16.8667px; font-size: 11pt; font-family: Calibri, sans-serif;\"><span style=\"font-size: 12pt; line-height: 18px; font-family: Open Sans;\"><strong>2. Regola d'oro: porta una buona macchina fotografica!<\/strong><\/span><\/p><p style=\"color: rgb(34, 34, 34); font-family: Open Sans; font-size: 14; background-color: rgb(255, 255, 255);\"><span style=\"font-family:Open Sans; font-size: 14pt; text-align: justify;\"><strong>\n<\/strong><\/span><\/p><p class=\"MsoNormal\" style=\"margin: 0cm 0cm 10pt; text-align: justify; line-height: 16.8667px; font-size: 11pt; font-family: Calibri, sans-serif;\"><span style=\"font-size: 10pt; line-height: 18px; font-family: Open Sans;\">Perch\u00e9 in questo modo si possono \"scattare\" foto molto pi\u00f9 artistiche rispetto a quelle scattate con il cellulare. D'altra parte, la vista dal castello \u00e8 mozzafiato e vale la pena immortalarla per poterla riguardare con un sorriso negli album di famiglia.<\/span><\/p><p style=\"color: rgb(34, 34, 34); font-family: Open Sans; font-size: 14; background-color: rgb(255, 255, 255);\"><span style=\"font-family:Open Sans; font-size: 14pt; text-align: justify;\">\n<\/span><\/p><p class=\"MsoNormal\" style=\"margin: 0cm 0cm 10pt; text-align: justify; line-height: 16.8667px; font-size: 11pt; font-family: Calibri, sans-serif;\"><span style=\"font-size: 12pt; line-height: 18px; font-family: Open Sans;\"><strong>3. Prendetevi del tempo per una passeggiata storica!<\/strong><\/span><\/p><p style=\"color: rgb(34, 34, 34); font-family: Open Sans; font-size: 14; background-color: rgb(255, 255, 255);\"><span style=\"font-family:Open Sans; font-size: 14pt; text-align: justify;\"><strong>\n<\/strong><\/span><\/p><p class=\"MsoNormal\" style=\"margin: 0cm 0cm 10pt; text-align: justify; line-height: 16.8667px; font-size: 11pt; font-family: Calibri, sans-serif;\"><span style=\"font-size: 10pt; line-height: 18px; font-family: Open Sans;\">Il Castello di Roseto \u00e8 un luogo incantevole, dove non si pu\u00f2 andare di fretta. Trascorrete il pi\u00f9 tempo possibile in queste stanze. Ammirate gli splendidi panorami e immaginate come doveva essere la vita in un'antica fortezza medievale. \u00c8 un'esperienza che vi rimarr\u00e0 impressa a lungo, anche dopo il vostro ritorno da Roseto alla frenetica vita quotidiana.<\/span><\/p><p style=\"color: rgb(34, 34, 34); font-family: Open Sans; font-size: 14; background-color: rgb(255, 255, 255);\"><span style=\"font-family:Open Sans; font-size: 14pt; text-align: justify;\">\n<\/span><\/p><p class=\"MsoNormal\" style=\"margin: 0cm 0cm 10pt; text-align: justify; line-height: 16.8667px; font-size: 11pt; font-family: Calibri, sans-serif;\"><span style=\"font-size: 11pt; line-height: 18px; font-family: Open Sans;\"><strong>Tipp:<\/strong> C'\u00e8 un ristorante nel castello, dalla cui terrazza si pu\u00f2 ammirare il tramonto. Cosa c'\u00e8 di pi\u00f9 romantico?<\/span><\/p>\n\n<p style=\"text-align: right; font-family: Rokkitt; font-size: 18px; color: #fff; margin-right: 10px;\">Roseto Capo Spulico<\/p>\n\n\n\n\n\n\n\n\n<h2>Partnereink \u00e9s fizet\u00e9s<\/h2>\n<h2>ahol megjelen\u00fcnk<\/h2>\n\n\n\n\n\n\n\n\n\n\n\n\n\n\n\n\n\n\n\n\n\n\n\n\n\n\n\n\n\n\n\n\n\n\n\n<h2>Gondolatok &#038; V\u00e9lem\u00e9nyek<\/h2>\n<h2>vend\u00e9geink<\/h2>\n\n\n\n\n\n\n\n\n\n\n\n\n\n\nRoseto k\u00e9pekben\n<p style=\"font-family: open sans; font-size: 16px; color: rgb(0, 0, 0); line-height: 1.5;\"><span style=\"line-height: 0.9;\">Strade accoglienti, tramonti mediterranei, mura storiche, giardini di rose e mare cristallino.<\/span><\/p>\n<p style=\"font-family: open sans; font-size: 16px; color: rgb(0, 0, 0); line-height: 1.5;\"><span style=\"line-height: 0.9;\"><\/span><br data-start=\"1466\" data-end=\"1469\">\n<span data-start=\"1469\" data-end=\"1505\" style=\"\"><strong>Immergiti nel colorato mondo di Roseto!<\/strong><\/span><\/p>\n\n\n\n\n\n\n\n\n\n\n\n\n\n\n\n\n\n\n\n\n\n\n\n\n\n\n\n\n\n\n\n\n\n\n\n\n\n\n\n\n\n\n\n\n\n\n\n\n\n\n\n\n\n\n\n\n\n\n\n\n\n\n\n\n\n\n\n\n\n\n\n\n\n\n\n\n\n\n\n\n\n\n\n\n\n\n\n\n\n\n\n\n\n\n\n\n\n\n\n\n\n\n\n\n\n\n\n\n\n\n\n\n\n\n\n\n\n\n\n\n\n\n<p style=\"text-align: center; font-family:Open sans; font-size: 24px;\"><strong data-start=\"1613\" data-end=\"1673\">Siete pronti per una vacanza indimenticabile?<\/strong><br data-start=\"1673\" data-end=\"1676\">\n<span data-start=\"1676\" data-end=\"1730\">Prenotate subito e vivete in prima persona la magia di Roseto!<\/span><\/p>","protected":false},"excerpt":{"rendered":"","protected":false},"author":1,"featured_media":0,"parent":0,"menu_order":0,"comment_status":"closed","ping_status":"closed","template":"","meta":{"pagelayer_contact_templates":[],"_pagelayer_content":"","footnotes":""},"class_list":["post-47","page","type-page","status-publish","hentry"],"_links":{"self":[{"href":"https:\/\/helloroseto.com\/it\/wp-json\/wp\/v2\/pages\/47","targetHints":{"allow":["GET"]}}],"collection":[{"href":"https:\/\/helloroseto.com\/it\/wp-json\/wp\/v2\/pages"}],"about":[{"href":"https:\/\/helloroseto.com\/it\/wp-json\/wp\/v2\/types\/page"}],"author":[{"embeddable":true,"href":"https:\/\/helloroseto.com\/it\/wp-json\/wp\/v2\/users\/1"}],"replies":[{"embeddable":true,"href":"https:\/\/helloroseto.com\/it\/wp-json\/wp\/v2\/comments?post=47"}],"version-history":[{"count":101,"href":"https:\/\/helloroseto.com\/it\/wp-json\/wp\/v2\/pages\/47\/revisions"}],"predecessor-version":[{"id":987,"href":"https:\/\/helloroseto.com\/it\/wp-json\/wp\/v2\/pages\/47\/revisions\/987"}],"wp:attachment":[{"href":"https:\/\/helloroseto.com\/it\/wp-json\/wp\/v2\/media?parent=47"}],"curies":[{"name":"wp","href":"https:\/\/api.w.org\/{rel}","templated":true}]}}