{"id":46,"date":"2025-05-06T15:46:32","date_gmt":"2025-05-06T15:46:32","guid":{"rendered":"http:\/\/helloroseto.com\/home\/"},"modified":"2026-03-02T10:15:36","modified_gmt":"2026-03-02T10:15:36","slug":"home","status":"publish","type":"page","link":"https:\/\/helloroseto.com\/it\/","title":{"rendered":"Home"},"content":{"rendered":"\n\n\n\n\n<p [object NamedNodeMap]><font style=\"vertical-align: inherit;\"><font style=\"vertical-align: inherit; color: rgb(255, 255, 255);\">L\u00e1tnival\u00f3k<\/font><\/font><\/p>\n\n\n\n\n\n<p [object NamedNodeMap]><font style=\"vertical-align: inherit;\"><font style=\"vertical-align: inherit; color: rgb(255, 255, 255);\">\u00datic\u00e9lok<\/font><\/font><\/p>\n\n\n\n\n\n<p [object NamedNodeMap]><font style=\"vertical-align: inherit;\"><font style=\"vertical-align: inherit; color: rgb(255, 255, 255);\">Csal\u00e1dos kir\u00e1ndul\u00e1s<\/font><\/font><\/p>\n\n\n\n\n\n\n\n\n\n<h2><font style=\"vertical-align: inherit;\"><font style=\"vertical-align: inherit;;\">Sz\u00e1ll\u00e1s, ahol t\u00e9nyleg<\/font><\/font><\/h2>\n\n\n\n<h2><font style=\"vertical-align: inherit;\"><font style=\"vertical-align: inherit; color: rgb(0, 0, 0);\">kipihened magad<\/font><\/font><\/h2>\n\n\n\n\n\n\n\n\n\n<p style=\" font-family: Open Sans; font-size: 18;;\"><span style=\"font-family:Open Sans: 20pt; text-align: justify;\"><\/span><\/p><p class=\"MsoNormal\" style=\"margin: 0cm 0cm 20pt; text-align: justify; line-height: 16.8667px; font-size: 11pt; font-family: Open Sans;\"><span style=\"font-size: 16pt; line-height: 1; font-family: &quot;Open Sans&quot;; color: rgb(64, 130, 190);\">Tengerk\u00f6zeli apartman &#8211; val\u00f3di odafigyel\u00e9ssel<\/span><\/p>\n\n\n\n<p style=\"color: rgb(34, 34, 34); font-family: Arial, Helvetica, sans-serif; font-size: small; background-color: rgb(255, 255, 255);\"><span style=\"font-family: &quot;Times New Roman&quot;, serif; font-size: 12pt; text-align: justify;\"><\/span><\/p><p class=\"MsoNormal\" style=\"margin: 0cm 0cm 10pt; text-align: justify; line-height: 16.8667px; font-size: 11pt; font-family: Calibri, sans-serif;\"><span style=\"font-size: 12pt; line-height: 1.5; font-family: &quot;Open Sans&quot;;\">Vil\u00e1gos, kl\u00edm\u00e1s-wifis apartmanunkban minden adott egy gondtalan nyaral\u00e1shoz: teljes \u00e9rt\u00e9k\u0171 konyha, k\u00e9nyelmes \u00e1gyak, erk\u00e9ly a reggeli k\u00e1v\u00e9z\u00e1shoz.  \nMeggy\u0151z\u0151d\u00e9s\u00fcnk, hogy az alaposan \u00e1tgondolt felszerelts\u00e9g a min\u0151s\u00e9gi pihen\u00e9s z\u00e1loga, \u00edgy minden r\u00e9szletet a zavartalan kikapcsol\u00f3d\u00e1s jegy\u00e9ben alak\u00edtottunk ki.<\/span><\/p>\n\n\n\n\nTeljes \u00e9rt\u00e9k\u0171 konyha\n\n\n\nF\u00fcrd\u0151szoba\n\n\n\nTengerpart 2 perc s\u00e9ta\n\n\n\n&nbsp; Ingyenes parkol\u00e1s\n\n\n\n&nbsp;WIFI\n\n\n\n&nbsp;Csendes, biztons\u00e1gos k\u00f6rnyezet.\n\n\n\n\n\n\n\n\n<p [object NamedNodeMap]>Roseto Capo Spulico\u00a0 \u00a0 \u00a0\u00a0<\/p>\n\n\n\n\n\n\n\n\n\n\n\n<h2><font style=\"vertical-align: inherit;\"><font style=\"vertical-align: inherit; color: rgb(64, 130, 190);\">Ahol a pihen\u00e9s \u00e9lm\u00e9nny\u00e9 v\u00e1lik,<\/font><\/font><\/h2>\n\n\n\n<h2><font style=\"vertical-align: inherit;\"><font style=\"vertical-align: inherit;\">Roseto var\u00e1zsa!<\/font><\/font><\/h2>\n\n\n\n\n\n\n\n\n\n<br>\n\n\n\n\n\n<br>\n\n\n\n\n\n<br>\n\n\n\n\n\n<br>\n\n\n\n\n\n<p style=\"text-align: justify;\">\n<\/p><h3 style=\"text-align: justify;\"><span style=\"font-weight: normal;\">Fedezd fel a k\u00f6rny\u00e9k legvar\u00e1zslatosabb helyeit, ahol a term\u00e9szet, a kult\u00fara \u00e9s a t\u00f6rt\u00e9nelem tal\u00e1lkoz\u00e1sa felejthetetlen \u00e9lm\u00e9nyeket k\u00edn\u00e1l! Legyen sz\u00f3 egy akt\u00edv t\u00far\u00e1r\u00f3l, nyugodt pihen\u00e9sr\u0151l, kultur\u00e1lis felt\u00f6lt\u0151d\u00e9sr\u0151l vagy t\u00f6rt\u00e9nelmi felfedez\u00e9sekr\u0151l \u2013 innen minden csak egy karny\u00fajt\u00e1snyira van.<\/span><\/span><\/h3>\n\n\n\n\n\n\n\n\n\n<p [object NamedNodeMap]><font style=\"vertical-align: inherit;\"><font style=\"vertical-align: inherit; color: rgb(255, 255, 255);\">Metaponto\u00a0 \u00a0 \u00a0<\/font><\/font><\/p>\n\n\n\n\n\n<p [object NamedNodeMap]><font style=\"vertical-align: inherit;\"><font style=\"vertical-align: inherit; color: rgb(255, 255, 255);\">Matera\u00a0 \u00a0 \u00a0<\/font><\/font><\/p>\n\n\n\n\n\n<p [object NamedNodeMap]><font style=\"vertical-align: inherit;\"><font style=\"vertical-align: inherit; color: rgb(255, 255, 255);\">Alberobello\u00a0 \u00a0\u00a0<\/font><\/font><\/p>\n\n\n\n\n\n\n\n<p [object NamedNodeMap]><span style=\"color: rgb(255, 255, 255); font-family: Dancing Script&quot;; font-size: 18px; medium; font-weight: 400; text-align: left;\">Morano Calabro\u00a0 \u00a0 \u00a0 \u00a0\u00a0<\/span><\/p>\n\n\n\n\n\n<span style=\"color:#ffffff;\"><p style=\"text-align: right;\"><font style=\"vertical-align: inherit;\"><font style=\"e=\" open=\"Open\" sans=\"Sans\">Rocca Imperiale&nbsp; &nbsp;&nbsp;<\/font><\/font><\/p><\/span><p style=\"text-align: right;\"><font style=\"vertical-align: inherit;\"><font style=\"vertical-align: inherit;\"><\/font><\/font><\/p>\n\n\n\n\n\n<span style=\"color:#ffffff;\"><p style=\"text-align: right;\"><font style=\"vertical-align: inherit;\"><font style=\"vertical-align: inherit;\">Montegiordano&nbsp; &nbsp;&nbsp;<\/font><\/font><\/p><\/span><p style=\"text-align: right;\"><font style=\"vertical-align: inherit;\"><font style=\"vertical-align: inherit;\"><\/font><\/font><\/p>\n\n\n\n\n\n\n\n\n\n\n\n<h2><font style=\"vertical-align: inherit;\"><font style=\"vertical-align: inherit; color: rgb(64, 130, 190);\">N\u00e9zd meg leny\u0171g\u0151z\u0151 aj\u00e1nlatunkat<\/font><\/font><\/h2>\n\n\n\n<h2><font style=\"vertical-align: inherit;\"><font style=\"vertical-align: inherit;\">T\u00faracsomagunk!<\/font><\/font><\/h2>\n\n\n\n\n\n\n\n\n\n\n<p style=\"text-align: left; margin-left: 20px; margin-right: 10px;\"><font color=\"#57c9e8\" face=\"open sans\"><span style=\"font-size: 18px;\"><\/span><\/font><\/p><span style=\"color:#becc19;\"><p style=\"text-align: left; margin-left: 20px; margin-right: 10px;\"><font color=\"#57c9e8\" face=\"open sans\"><span style=\"font-size: 18px;\"><\/span><\/font><\/p><\/span><span style=\"color:#becc19;\"><span style=\"\"><p style=\"text-align: left; margin-left: 20px; margin-right: 10px;\"><font color=\"#57c9e8\" face=\"open sans\"><span style=\"font-size: 18px;\"><\/span><\/font><\/p><\/span><\/span><span style=\"color:#becc19;\"><span style=\"\"><span style=\"\"><p style=\"text-align: left; margin-left: 20px; margin-right: 10px;\"><font color=\"#57c9e8\" face=\"open sans\"><span style=\"font-size: 18px;\"><\/span><\/font><\/p><\/span><\/span><\/span><span style=\"color:#b2b200;\"><span style=\"\"><span style=\"\"><span style=\"\"><p style=\"text-align: left; margin-left: 20px; margin-right: 10px;\"><font color=\"#57c9e8\" face=\"open sans\"><span style=\"font-size: 18px;\"><\/span><\/font><\/p><\/span><\/span><\/span><\/span><span style=\"color:#becc19;\"><span style=\"\"><span style=\"\"><span style=\"\"><span style=\"\"><p style=\"text-align: left; margin-left: 20px; margin-right: 10px;\"><font color=\"#57c9e8\" face=\"open sans\"><span style=\"font-size: 18px;\"><\/span><\/font><\/p><\/span><\/span><\/span><\/span><\/span><span style=\"color:#b2b200;\"><span style=\"\"><span style=\"\"><span style=\"\"><span style=\"\"><span style=\"\"><p style=\"text-align: left; margin-left: 20px; margin-right: 10px;\"><font color=\"#57c9e8\" face=\"open sans\"><span style=\"font-size: 18px;\"><\/span><\/font><\/p><\/span><\/span><\/span><\/span><\/span><\/span><p style=\"text-align: left; margin-left: 20px; margin-right: 10px;\"><font color=\"#57c9e8\" face=\"open sans\"><span style=\"font-size: 18px;\">TENGER<\/span><\/font><\/p><p style=\"text-align: justify; margin-left: 20px; margin-right: 10px;\"><span style=\"color: rgb(49, 52, 57); font-family: Open Sans; font-size: 14px; text-align: justify;\">Roseto Capo Spulico egy b\u00e1jos kis falu a J\u00f3n-tenger partj\u00e1n, Calabria tartom\u00e1ny keleti cs\u00fccsk\u00e9ben. Itt mindent megtal\u00e1lsz, ami egy nyaral\u00e1shoz, vagy a r\u00e9gi\u00f3 felfedez\u00e9s\u00e9hez kell. Roseto tengerpartja \u00e9s a kik\u00f6t\u0151 a Cosa degli Archei egyik legszebb, egyik legl\u00e1togatottabb strandja.&nbsp;<\/span><\/p><p style=\"text-align: justify; margin-left: 20px; margin-right: 10px;\"><span style=\"color: rgb(49, 52, 57); font-family: Open Sans; font-size: 14px; text-align: justify;\">A partszakasz nyilv\u00e1nos zuhanyz\u00f3kkal \u00e9s szabad szakaszokkal, illetve felszerelt l\u00e9tes\u00edtm\u00e9nnyel v\u00e1rja a h\u0171s hull\u00e1mokra v\u00e1gy\u00f3kat, teljesen eszm\u00e9nyi k\u00f6rnyezete biztos\u00edt egy csal\u00e1di nyaral\u00e1shoz.&nbsp;<\/span><\/p><p style=\"text-align: justify; margin-left: 20px; margin-right: 10px;\"><span style=\"color: rgb(49, 52, 57); font-family: Open Sans; font-size: 14px; text-align: justify;\">A homokos talaj kavicsos \u00e9s s\u00f3deres kever\u00e9kb\u0151l tev\u0151dik \u00f6ssze. A strand messze f\u00f6ld\u00f6n h\u00edres krist\u00e1lytiszta vizeir\u0151l. Az idel\u00e1togat\u00f3k Olaszorsz\u00e1g egyik besz\u00e9des nev\u0171 bandiere blue min\u0151s\u00edt\u00e9s\u0171 (azaz \u201ek\u00e9k z\u00e1szl\u00f3s\u201d) strandj\u00e1n pihenhetnek&#8230;<\/span><\/p>\n\n\n\n<p style=\"text-align: left; margin-left: 20px; margin-right: 20px;\"><font color=\"#57c9e8\" face=\"open sans\"><span style=\"font-size: 18px;\"><\/span><\/font><\/p><p style=\"text-align: left; margin-left: 20px; margin-right: 20px;\"><font color=\"#57c9e8\" face=\"open sans\"><span style=\"font-size: 18px;\">TURIZMUS<\/span><\/font><\/p><p style=\"text-align: justify; margin-left: 20px; margin-right: 20px;\"><span style=\"color: rgb(49, 52, 57); font-family: Open Sans; font-size: 14px; text-align: justify;\">Gyere a k\u00e1pr\u00e1zatos Calabri\u00e1ba, fedezd fel a m\u00edtoszok f\u00f6ldj\u00e9t: az inspir\u00e1l\u00f3 zord dombokat \u00e9s gy\u00f6ny\u00f6r\u0171s\u00e9ges tengerpartot.&nbsp;<\/span><\/p><p style=\"text-align: justify; margin-left: 20px; margin-right: 20px;\"><span style=\"color: rgb(49, 52, 57); font-family: Open Sans; font-size: 14px; text-align: justify;\">Ehhez remek lehet\u0151s\u00e9g a Casa Giuditta Apartman, ahonnan csillagt\u00far\u00e1zhatsz, felfedezheted a k\u00f6rny\u00e9ket, vagy egyszer\u0171en les\u00e9t\u00e1lhatsz a partra hogy megm\u00e1rt\u00f3zz a J\u00f3n-tenger b\u00e1rsonyos viz\u00e9ben.&nbsp;<\/span><\/p><p style=\"text-align: justify; margin-left: 20px; margin-right: 20px;\"><span style=\"color: rgb(49, 52, 57); font-family: Open Sans; font-size: 14px; text-align: justify;\">A r\u00e9gi\u00f3 v\u00e9gtelen\u00fcl gazdag m\u0171v\u00e9szetben \u00e9s kult\u00far\u00e1ban. A helyi hagyom\u00e1ny szerint a g\u00f6r\u00f6g mitol\u00f3gia nagy haj\u00f3s kalandora, Od\u00fcsszeusz is megfordult ezen a vid\u00e9ken, csak a helyiek amolyan \u201eolaszosan\u201d Ulissesnek nevezt\u00e9k&#8230;<\/span><\/p>\n\n\n\n<p style=\"text-align: left; margin-left: 20px; margin-right: 20px;\"><font color=\"#57c9e8\" face=\"open sans\"><span style=\"font-size: 18px;\">T\u00d6RT\u00c9NELEM<\/span><\/font><\/p><p style=\"text-align: justify; margin-left: 20px; margin-right: 20px;\"><span style=\"color: rgb(49, 52, 57); font-family: Open Sans; font-size: 14px; text-align: justify;\">Roseto \u0151si kast\u00e9lya , a Castello di Roseto a tangerparton \u00e1ll. A fest\u0151i Calabria r\u00e9gi\u00f3ban fekv\u0151 kast\u00e9ly sz\u00fclet\u00e9se eg\u00e9szen a 10. sz\u00e1zadra ny\u00falik vissza. Akkoriban strat\u00e9giai er\u0151dk\u00e9nt t\u00f6lt\u00f6tt be jelent\u0151s feladatot, m\u00e9g a normann h\u00f3d\u00edt\u00e1s idej\u00e9n.&nbsp;<\/span><\/p><p style=\"text-align: justify; margin-left: 20px; margin-right: 20px;\"><span style=\"color: rgb(49, 52, 57); font-family: Open Sans; font-size: 14px; text-align: justify;\">A kast\u00e9ly egy kolostor hamvaira \u00e9p\u00fclt. A kolostor el\u0151tt a f\u00f6ld egy \u0151si pog\u00e1ny templomhoz tartozott, amit egykor a r\u00f3mai V\u00e9nusz istenn\u0151nek szenteltek.&nbsp;<\/span><\/p><p style=\"text-align: justify; margin-left: 20px; margin-right: 20px;\"><span style=\"color: rgb(49, 52, 57); font-family: Open Sans; font-size: 14px; text-align: justify;\">Az er\u0151d \u00e9p\u00edt\u00e9szet\u00e9ben k\u00fcl\u00f6nb\u00f6z\u0151 st\u00edlusok r\u00e9v\u00e9n k\u00f6sz\u00f6n vissza a r\u00e9gi korok \u00e9s uralkod\u00f3k hat\u00e1sa: normann alapok, a biz\u00e1nci hat\u00e1s, renesz\u00e1nsz st\u00edlusjegyek egy\u00fctt. Roseto kast\u00e9lya olyan, ak\u00e1r egy k\u0151b\u0151l k\u00e9sz\u00edtett kolossz\u00e1lis m\u00e9ret\u0171 id\u0151kapszula, ahol minden k\u0151 elmes\u00e9li a maga saj\u00e1tos t\u00f6rt\u00e9net\u00e9t&#8230;<\/span><\/p>\n\n\n\n\n\n\n<p [object NamedNodeMap]><font style=\"vertical-align: inherit;\"><font style=\"vertical-align: inherit;\">Roseto<\/font><\/font><\/p>\n\n\n\n\n\n<p style=\"font-family: Rokkitt; font-size: 16px; text-align: justify;\">Fedezd fel Olaszorsz\u00e1g rejtett kincseit egy szem\u00e9lyre szabott t\u00faracsomag keret\u00e9ben, amely Roseto Capo Spulic\u00f3b\u00f3l indulva vezet v\u00e9gig a tengerparti v\u00e1rosk\u00e1kon, t\u00f6rt\u00e9nelmi eml\u00e9keken \u00e9s l\u00e9legzetel\u00e1ll\u00edt\u00f3 t\u00e1jakon. T\u00far\u00e1ink a helyi \u00edzek, kult\u00fara \u00e9s term\u00e9szet t\u00f6k\u00e9letes harm\u00f3ni\u00e1j\u00e1t k\u00edn\u00e1lj\u00e1k. Ide\u00e1lis v\u00e1laszt\u00e1s azoknak, akik \u00e9lm\u00e9nyekkel, nem t\u00f6megturizmussal szeretn\u00e9nek gazdagodni.<\/p><p style=\"font-family: Rokkitt; font-size: 16px; text-align: justify;\"><strong>Mind\u00f6ssze<\/strong>:<\/p><p style=\"font-family: Rokkitt; font-size:16px;\"><font style=\"vertical-align: inherit;\"><font style=\"vertical-align: inherit;\"><font style=\"vertical-align: inherit;\"><font style=\"vertical-align: inherit;\"><font style=\"vertical-align: inherit;\"><font style=\"vertical-align: inherit;\">~550 euro \/ f\u0151 5 napra ????<\/font><\/font><\/font><\/font><\/font><\/font><\/p><br>\n<p><i class=\"fas fa-bed\" style=\"color:  #57c9e8ff; font-size:20px;\"><\/i> <span style=\"font-family: Rokkitt; font-size:16px;\"><font style=\"vertical-align: inherit;\"><font style=\"vertical-align: inherit;\"><font style=\"vertical-align: inherit;\"><font style=\"vertical-align: inherit;\"><font style=\"vertical-align: inherit;\"><font style=\"vertical-align: inherit;\">Apartman<\/font><\/font><\/font><\/font><\/font><\/font><\/span><\/p>\n<p style=\"margin-top:10px;\"><i class=\"fas fa-fighter-jet\" style=\"color:  #57c9e8ff; font-size:20px; transform: rotate(270deg); margin-left: -5px;\"><\/i>&nbsp; <span style=\"font-family: Rokkitt; font-size:16px;\"><font style=\"vertical-align: inherit;\"><font style=\"vertical-align: inherit;\"><font style=\"vertical-align: inherit;\"><font style=\"vertical-align: inherit;\"><font style=\"vertical-align: inherit;\"><font style=\"vertical-align: inherit;\">J\u00e1ratok<\/font><\/font><\/font><\/font><\/font><\/font><\/span><\/p>\n<p style=\"margin-top:10px;\"><i class=\"fas fa-map-marker-alt\" style=\"color:  #57c9e8ff; font-size:20px;\"><\/i><span style=\"font-family: Rokkitt; font-size:16px;\"><font style=\"vertical-align: inherit;\"><font style=\"vertical-align: inherit;\"><font style=\"vertical-align: inherit;\"><font style=\"vertical-align: inherit;\"><font style=\"vertical-align: inherit;\"><font style=\"vertical-align: inherit;\">&nbsp; &nbsp;L\u00e1tnival\u00f3k<\/font><\/font><\/font><\/font><\/font><\/font><\/span><\/p>\n\n\n\n\n\n<p [object NamedNodeMap]><font style=\"vertical-align: inherit;\"><font style=\"vertical-align: inherit;\">Matera<\/font><\/font><\/p>\n\n\n\n<p [object NamedNodeMap]><font style=\"vertical-align: inherit;\"><font style=\"vertical-align: inherit;\">Alberobello<\/font><\/font><\/p>\n\n\n\n\n\n\n\n\n\n\n\n<h2 [object NamedNodeMap]>Egy hely, ahov\u00e1 a sz\u00edv is visszav\u00e1gyik, legyen ez a<\/h2>\n\n\n\n<h2>te sztorid!<\/h2>\n\n\n\n\n\n\n\n\n\n<p><font color=\"#ffffff\" face=\"Open Sans\"><span style=\"font-size: 24px;\">Tengerpart,<\/span><\/font><\/p><p><font color=\"#ffffff\" face=\"Open Sans\"><span style=\"font-size: 24px;\">V\u00e1rak \u00e9s r\u00f3zs\u00e1k.<\/span><\/font><\/p><p><font color=\"#e1eb34\" face=\"Open Sans\"><span style=\"font-size: 24px;\">&#8211; minden napra egy kis csoda<\/span><\/font><\/p>\n\n\n\n<p style=\"font-family: Open Sans; font-size: 28px;\"><font style=\"vertical-align: inherit;\"><font style=\"vertical-align: inherit;\">Roseto var\u00e1zsa<span style=\"line-height:2.5;\"><\/span><\/font><\/font><\/p><p class=\"MsoNormal\" style=\"margin: 0cm 0cm 10pt; color: rgb(34, 34, 34); text-align: justify; line-height: 16.8667px; font-size: 13pt; font-family: Open Sans;\"><span style=\"font-size: 14pt; line-height: 18.4px; font-family:Open Sans;\"><span style=\"line-height:1;\"><span style=\"\"><\/span><\/span>Gyere a k\u00e1pr\u00e1zatos Calabri\u00e1ba, fedezd fel a m\u00edtoszok f\u00f6ldj\u00e9t: az inspir\u00e1l\u00f3 zord dombokat \u00e9s gy\u00f6ny\u00f6r\u0171s\u00e9ges tengerpartot.&nbsp;<\/span><\/p><p class=\"MsoNormal\" style=\"margin: 0cm 0cm 10pt; color: rgb(34, 34, 34); text-align: justify; line-height: 16.8667px; font-size: 14pt; font-family: Open Sans;\">Roseto Capo Spulico t\u00f6k\u00e9letes kiindul\u00f3pont a k\u00f6rny\u00e9k kultur\u00e1lis kincseinek felfedez\u00e9s\u00e9hez. Barangold be a k\u00f6zeli \u0151si v\u00e1rosokat, kast\u00e9lyokat \u00e9s templomokat, \u00e9s tapasztald meg Olaszorsz\u00e1g val\u00f3di, autentikus arc\u00e1t!<\/p>\n\n\n\n\n\n\n\n<p><font style=\"vertical-align: inherit;\"><font style=\"vertical-align: inherit; color: rgb(255, 255, 255);\">V\u00e1r<\/font><\/font><\/p>\n\n\n\n\n\n<p><font style=\"vertical-align: inherit;\"><font style=\"vertical-align: inherit; color: rgb(255, 255, 255);\">Tengerpart\u00a0 \u00a0 \u00a0<\/font><\/font><\/p>\n\n\n\n\n\n\n\n\n\n<br>\n\n\n\n<br>\n\n\n\n<br>\n\n\n\n\n\n\n\n<h2><font style=\"vertical-align: inherit;\"><font style=\"vertical-align: inherit;\"><font style=\"vertical-align: inherit;\"><font style=\"vertical-align: inherit;\">Sz\u00e1ll\u00e1s, ahova j\u00f3 visszat\u00e9rni!<\/font><\/font><\/font><\/font><\/h2>\n\n\n\n\n\n\n\n<p [object NamedNodeMap]><span style=\"color: rgb(255, 255, 255); font-size: 16px; font-weight: 600;\">Hat\u00e1rokon \u00e1tny\u00fal\u00f3 lehet\u0151s\u00e9gek<\/span><\/p>\n\n\n\n<span style=\"color:#ffffff;\"><p style=\"text-align: center;\"><font style=\"vertical-align: inherit;\"><font style=\"vertical-align: inherit;\"><font style=\"vertical-align: inherit;\">&#8222;EGY HELY, AHOL A REGGELEK CSENDBEN INDULNAK, \u00c9S AZ EST\u00c9K EML\u00c9KK\u00c9 V\u00c1LNAK&#8221;<\/font><\/font><\/font><\/p><\/span><p style=\"text-align: center;\"><font style=\"vertical-align: inherit;\"><font style=\"vertical-align: inherit;\"><font style=\"vertical-align: inherit;\"><\/font><\/font><\/font><\/p>\n\n\n\n<h4 style=\"text-align: justify;\">\n<\/h4><h4 style=\"text-align: center;\"><span style=\"font-weight: normal;\"><span style=\"color:#ffffff;\">K\u00e9nyelmes apartman, mediterr\u00e1n hangulat, napf\u00e9nyes terasz \u2013 mindez p\u00e1r perc s\u00e9t\u00e1ra a tengert\u0151l.<\/span><\/span><\/h4>\n\n\n\n<h4 [object NamedNodeMap]><span style=\"font-weight: normal;\"><span style=\"color:#ffffff;\"><font style=\"vertical-align: inherit;\"><font style=\"vertical-align: inherit;\">Itt t\u00e9nyleg minden r\u00f3latok sz\u00f3l: pihen\u00e9s, k\u00e9nyelem, nyugalom <\/font><\/font><\/span><span style=\"color:#ffffff;\"><font style=\"vertical-align: inherit;\"><font style=\"vertical-align: inherit;\">.<\/font><\/font><\/span><\/span><\/h4>\n\n\n\n<h4 style=\"text-align: justify;\">\n<\/h4><h4 style=\"text-align: justify;\"><span style=\"font-weight: normal;\"><span style=\"color:#ffffff;\">T\u00e1gas apartmanok, mediterr\u00e1n hangulat, napf\u00e9nyes terasz \u2013 mindez p\u00e1r perc s\u00e9t\u00e1ra a tengert\u0151l. Itt t\u00e9nyleg minden r\u00f3latok sz\u00f3l: pihen\u00e9s, k\u00e9nyelem, nyugalom<\/span><span style=\"color:#ffffff;\">.<\/span><\/span><\/h4>\n\n\n\n\n\n\n\n<br>\n\n\n\n<br>\n\n\n\n<br>\n\n\n\n\n\n\n\n\n\n<h2><font style=\"vertical-align: inherit;\"><font style=\"vertical-align: inherit;\">Legjobb p\u00e9nzmegtakar\u00edt\u00e1si lehet\u0151s\u00e9g<\/font><\/font><\/h2>\n\n\n\n<h2><font style=\"vertical-align: inherit;\"><font style=\"vertical-align: inherit;\">start most!<\/font><\/font><\/h2>\n\n\n\n\n\n<p [object NamedNodeMap]>Lorem Ipsum has been the industry&#8217;s standard dummy text ever since the 1500s.<\/p>\n\n\n\n\n\n\n\n\n\n\n\n\n\n\n\n\n\n\n\n\n\n\n\n\n\n\n\n\n\n\n\nLorem Ipsum has been the industry&#8217;s standard dummy text ever since the 1500s, when an unknown printer took a galley of type and scrambled it to make a type specimen book.\n\n\n\n\n\nLorem Ipsum has been the industry&#8217;s standard dummy text ever since the 1500s, when an unknown printer took a galley of type and scrambled it to make a type specimen book.\n\n\n\n\n\nLorem Ipsum has been the industry&#8217;s standard dummy text ever since the 1500s, when an unknown printer took a galley of type and scrambled it to make a type specimen book.\n\n\n\n\n\nLorem Ipsum has been the industry&#8217;s standard dummy text ever since the 1500s, when an unknown printer took a galley of type and scrambled it to make a type specimen book.\n\n\n\n\n\n\n\n\n\n\n\n\n\n\n\n\n\n\n\n\n\n\n\n\n\n\n\n\n\n\n\n\n\n\n\n\n\n\n\n\n\n<h2><font style=\"vertical-align: inherit;\"><font style=\"vertical-align: inherit; color: rgb(64, 130, 190);\">itt olvashatsz Rosetor\u00f3l<\/font><\/font><\/h2>\n\n\n\n<h2><font style=\"vertical-align: inherit;\"><font style=\"vertical-align: inherit;\">Fedezd fel<\/font><\/font><\/h2>\n\n\n\n\n\n\n\n\n\n\n\n<h3>\n<\/h3><h3><font style=\"vertical-align: inherit;\"><font style=\"vertical-align: inherit; color: rgb(64, 130, 190);\">Csodahelyek<\/font><\/font><\/h3>\n\n\n\n<h3>\n\t\t\t\t\t\n\t\t\t\t\t<\/h3><h3><span style=\"color: rgb(34, 34, 34); font-family: &quot;Open sans&quot;; background-color: rgb(255, 255, 255); text-align: justify; font-weight: normal;\">Roseto Capo Spulico egy b\u00e1jos kis falu a J\u00f3n-tenger partj\u00e1n, Calabria tartom\u00e1ny keleti cs\u00fccsk\u00e9ben. Itt mindent megtal\u00e1lsz, ami egy nyaral\u00e1shoz, vagy a r\u00e9gi\u00f3 felfedez\u00e9s\u00e9hez kell.<\/span><\/h3>\n\n\n\n\n\n\n\n\n<p style=\"\"><span style=\"font-family: Dancing Script; font-size: 24x; color: rgb(87, 201, 232);\"><\/span><\/p><h5 style=\"\"><font color=\"#0066cc\" face=\"Dancing Script\">Ezt l\u00e1tni kell<\/font><\/h5><h6 style=\"\"><span style=\"color: rgb(34, 34, 34); font-family: &quot;Open Sans&quot;; text-align: start; background-color: rgb(255, 255, 255); font-weight: normal;\">Barangoln\u00e1l? Adunk p\u00e1r&nbsp;tippet!<\/span><\/h6>\n\n\n\n<p style=\"\"><span style=\"font-family: Dancing Script; font-size: 24x; color: rgb(87, 201, 232);\"><\/span><\/p><span style=\"color:#0066cc;\"><p style=\"\"><span style=\"font-family: &quot;Dancing Script&quot;;\">Fesztiv\u00e1lok &#8211; Rendezv\u00e9nyek Roset\u00f3-ban!<\/span><\/p><p style=\"\"><\/p><\/span><p style=\"\"><span style=\"color: rgb(0, 0, 0); font-family: &quot;Open Sans&quot;; font-size: 18px; line-height: 0.1;\">Tervezd utaz\u00e1sod a sz\u00e1mos rendezv\u00e9nyek, egyik idej\u00e9re.<\/span><\/p>\n\n\n\n<p style=\"\"><span style=\"font-family: Dancing Script; font-size: 24x; color: rgb(87, 201, 232);\"><\/span><\/p><span style=\"color:#0066cc;\"><p style=\"\"><span style=\"font-family: &quot;Dancing Script&quot;;\">\u00c9telek, amit ki kell pr\u00f3b\u00e1lni!<\/span><\/p><p style=\"\"><\/p><\/span><p style=\"\"><span style=\"color: rgb(0, 0, 0); font-family: Open Sans; font-size: 18px;\">Finoms\u00e1gok, amit \u00e9rdemes kipr\u00f3b\u00e1lni.<\/span><\/p>\n\n\n\n\n\n\n\n\n\n\n\n<span style=\"color:#ffffff;\">Kedves Judit, m\u00e1sodszor \u00e9lveztem az apartmanod k\u00e9nyelm\u00e9t \u00e9s a vend\u00e9gszeretetet. Ez\u00fattal is nagyon j\u00f3l \u00e9reztem magam. A s\u00e9t\u00e1nyon j\u00f3kat lehet s\u00e9t\u00e1lni, vagy csak \u00fclni a naps\u00fct\u00e9sben \u00e9s \u00e9lvezni a tenger, a hegyek l\u00e1tv\u00e1ny\u00e1t. mindenki kedves, k\u00f6zvetlen mindenkinek kell egy kis olasz \u00e9let\u00e9rz\u00e9s: egy reggeli k\u00e1v\u00e9, croissant igazi Dolce Vita. Mindenkinek csak aj\u00e1nlani tudom Judit lak\u00e1s\u00e1t, nagyon sz\u00e9pen berendezett, k\u00e9nyelmes. Az erk\u00e9ly alatti citrom \u00e9s narancs iszony\u00faan finom. Ha tehetitek, menjetek, pr\u00f3b\u00e1lj\u00e1tok ki szem\u00e9lyesen. (csal\u00e1d 2 gyermekkel)<\/span><p><\/p>\n\n\n\n<span style=\"color:#ffffff;\">A Casa Roseto Apartmant szeretn\u00e9m aj\u00e1nlani! A lak\u00e1s j\u00f3l felszerelt, j\u00f3 az elrendez\u00e9se. A tenger 2 perc gyalog. A k\u00f6rny\u00e9k csendes, nyugodt, tiszta. Az utca elej\u00e9n k\u00e1v\u00e9z\u00f3, finom p\u00e9k\u00e1ruval \u00e9s egy pizz\u00e1z\u00f3 is tal\u00e1lhat\u00f3. (egy\u00e9ni utaz\u00f3)<\/span>\n\n\n\n<span style=\"color:#ffffff;\">Sziasztok! Gyors elhat\u00e1roz\u00e1s, k\u00e9t perces szervez\u00e9s, indul\u00e1s Bari-ba, majd Roseto-ba Judit fantasztikus h\u00e1zigazda, tan\u00e1csad\u00f3, seg\u00edt\u0151 volt az eg\u00e9sz \u00faton. Fullservice Csak aj\u00e1nlani tudom! Lak\u00e1sost\u00f3l, mindenest\u0151l! (egy\u00e9ni utaz\u00f3)<\/span>\n\n\n\n<span style=\"color:#ffffff;\">Ritk\u00e1n tapasztalni ilyen odafigyel\u00e9st. M\u00e1r az \u00e9rkez\u00e9s el\u0151tt minden k\u00e9rd\u00e9s\u00fcnkre v\u00e1laszt kaptunk, a helysz\u00ednen pedig minden pontosan \u00fagy volt, ahogy \u00edg\u00e9rt\u00e9k.<\/span>\n\n\n\n<span style=\"color:#ffffff;\">A citromf\u00e1k, a tisztas\u00e1g \u00e9s a nyugalom egy\u00fctt t\u00f6k\u00e9letes kombin\u00e1ci\u00f3. K\u00fcl\u00f6n k\u00f6sz\u00f6net a kir\u00e1ndul\u00e1si tippek\u00e9rt!<\/span>\n\n\n\n<span style=\"color:#ffffff;\">Egy hetet t\u00f6lt\u00f6tt\u00fcnk itt \u2013 \u00e9s m\u00e1r a k\u00f6vetkez\u0151 foglal\u00e1st tervezz\u00fck. Ritka az ilyen szem\u00e9lyes t\u00f6r\u0151d\u00e9s.<\/span>\n\n\n\n","protected":false},"excerpt":{"rendered":"","protected":false},"author":1,"featured_media":0,"parent":0,"menu_order":0,"comment_status":"closed","ping_status":"closed","template":"","meta":{"pagelayer_contact_templates":[],"_pagelayer_content":"","footnotes":""},"class_list":["post-46","page","type-page","status-publish","hentry"],"_links":{"self":[{"href":"https:\/\/helloroseto.com\/it\/wp-json\/wp\/v2\/pages\/46","targetHints":{"allow":["GET"]}}],"collection":[{"href":"https:\/\/helloroseto.com\/it\/wp-json\/wp\/v2\/pages"}],"about":[{"href":"https:\/\/helloroseto.com\/it\/wp-json\/wp\/v2\/types\/page"}],"author":[{"embeddable":true,"href":"https:\/\/helloroseto.com\/it\/wp-json\/wp\/v2\/users\/1"}],"replies":[{"embeddable":true,"href":"https:\/\/helloroseto.com\/it\/wp-json\/wp\/v2\/comments?post=46"}],"version-history":[{"count":214,"href":"https:\/\/helloroseto.com\/it\/wp-json\/wp\/v2\/pages\/46\/revisions"}],"predecessor-version":[{"id":994,"href":"https:\/\/helloroseto.com\/it\/wp-json\/wp\/v2\/pages\/46\/revisions\/994"}],"wp:attachment":[{"href":"https:\/\/helloroseto.com\/it\/wp-json\/wp\/v2\/media?parent=46"}],"curies":[{"name":"wp","href":"https:\/\/api.w.org\/{rel}","templated":true}]}}