{"id":47,"date":"2025-05-06T15:46:32","date_gmt":"2025-05-06T15:46:32","guid":{"rendered":"http:\/\/helloroseto.com\/about\/"},"modified":"2026-02-26T17:12:27","modified_gmt":"2026-02-26T17:12:27","slug":"about","status":"publish","type":"page","link":"https:\/\/helloroseto.com\/en\/about\/","title":{"rendered":"ABOUT US"},"content":{"rendered":"<p><br><\/p>\n\n\n\n\n<h2>Why is it worth coming to Roseto?<\/h2>\n<h2>where the holiday comes to life!<\/h2>\n\n\n\n\n\n\n\n\n\n\n<h2>Introducing the town of Roseto Capo Spulico: Roseto, the village of Roses and Cherries!<\/h2>\n<p style=\"color: rgb(34, 34, 34); font-family: Open Sans; font-size: 14; background-color: rgb(255, 255, 255);\"><span style=\"font-family:Open Sans; font-size: 14pt; text-align: justify;\">\n<\/span><\/p><p class=\"MsoNormal\" style=\"margin: 0cm 0cm 10pt; text-align: justify; line-height: 16.8667px; font-size: 11pt; font-family: Calibri, sans-serif;\"><span style=\"font-size: 10pt; line-height: 18px; font-family: Open Sans;\">The small village of Roseto is built on a small hill above the sea. It is full of alleys and small squares. We can admire the old buildings of the local history, starting with the Mother Church of San Nicola di Myra, named after one of the most revered local saints. The Church of the Immaculate Conception, Santo Toratto, should not be missed in the village.<\/span><\/p>\n<p style=\"color: rgb(34, 34, 34); font-family: Open Sans; font-size: 14; background-color: rgb(255, 255, 255);\"><span style=\"font-family:Open Sans; font-size: 14pt; text-align: justify;\">\n<\/span><\/p><p class=\"MsoNormal\" style=\"margin: 0cm 0cm 10pt; text-align: justify; line-height: 16.8667px; font-size: 11pt; font-family: Calibri, sans-serif;\"><span style=\"font-size: 10pt; line-height: 18px; font-family: Open Sans;\">Be sure to visit the aristocratic palaces, such as the Palazzo Baronale, but also the San Vitale Fountain, the oldest monument in Rosetto Capo Spulico, is an interesting sight. The alley, wittily named after the stealing of kisses, is popular among tourists. The hearts of romantics will love Vinella degli Innamorati \u2013 one of the narrowest alleys in Europe, designed specifically for stealing a kiss.<\/span><\/p><p style=\"color: rgb(34, 34, 34); font-family: Open Sans; font-size: 14; background-color: rgb(255, 255, 255);\"><span style=\"font-family:Open Sans; font-size: 14pt; text-align: justify;\">\n<\/span><\/p><p class=\"MsoNormal\" style=\"margin: 0cm 0cm 10pt; text-align: justify; line-height: 16.8667px; font-size: 11pt; font-family: Calibri, sans-serif;\"><span style=\"font-size: 10pt; line-height: 18px; font-family: Open Sans;\">Spring is the perfect time to visit the village of Roseto! Because this is when the two most valuable products of the locals, roses and cherries, bloom. The most beautiful festivals in Roseto are organized around these. Roseto Capo Spulico became the Village of Roses and Cherries because of them, and this is where the identity of the town comes from.<\/span><\/p><p style=\"color: rgb(34, 34, 34); font-family: Open Sans; font-size: 14; background-color: rgb(255, 255, 255);\"><span style=\"font-family:Open Sans; font-size: 14pt; text-align: justify;\">\n<\/span><\/p><p class=\"MsoNormal\" style=\"margin: 0cm 0cm 10pt; text-align: justify; line-height: 16.8667px; font-size: 11pt; font-family: Calibri, sans-serif;\"><span style=\"font-size: 10pt; line-height: 18px; font-family: Open Sans;\">The city is surrounded by beautiful rose gardens, which in May fill the air with their wonderful fragrance, the petals of which once filled the pillows of sybaritic princesses. The local cherries are also worth tasting: they are a De. Co cherry with a Community Designation of Origin, many say they are the best cherries in Italy.<\/span><\/p><p style=\"color: rgb(34, 34, 34); font-family: Open Sans; font-size: 14; background-color: rgb(255, 255, 255);\"><span style=\"font-family:Open Sans; font-size: 14pt; text-align: justify;\">\n<\/span><\/p><p class=\"MsoNormal\" style=\"margin: 0cm 0cm 10pt; text-align: justify; line-height: 16.8667px; font-size: 11pt; font-family: Calibri, sans-serif;\"><span style=\"font-size: 12pt; line-height: 18px; font-family: Open Sans;\"><strong>In Roseto you will find everything that will make your trip unforgettable!<\/strong><\/p>\n\n\n\n\n\n\n\n\n\n<p style=\"text-align: left; margin-left: 20px; margin-right: 10px;\"><font color=\"#57c9e8\" face=\"open sans\"><span style=\"font-size: 18px;\">SEA<\/span><\/font><\/p><p style=\"text-align: justify; margin-left: 20px; margin-right: 10px;\"><span style=\"color: rgb(49, 52, 57); font-family: Open Sans; font-size: 13px;\">Roseto Capo Spulico is a charming little village on the Ionian coast, in the eastern tip of the Calabria region. Here you will find everything you need for a holiday or to explore the region.&nbsp;<\/span><\/p><p style=\"text-align: justify; margin-left: 20px; margin-right: 10px;\"><span style=\"color: rgb(49, 52, 57); font-family: Open Sans; font-size: 13px;\"><br><\/span><\/p><p style=\"text-align: justify; margin-left: 20px; margin-right: 10px;\"><span style=\"color: rgb(49, 52, 57); font-family: Open Sans; font-size: 13px;\">The sandy soil is a mixture of pebbles and gravel.\n\nThe beach is famous far and wide for its crystal clear waters. Visitors can relax on one of Italy\u2019s most eloquently named Bandiere Blue beaches (meaning \u201cblue flag\u201d). The classification distinguishes beaches from each other primarily based on the purity of the water. However, ensuring the ecological sustainability of the area and the tourist services offered were also important considerations when judging it.\n\nIn the clear water, we can witness the unfolding of many exotic sights. It is a great experience to explore these waters by diving or snorkeling. This area, the Ionian coast of Calabria, is perfect for both surfing and kayaking, everyone will find the perfect form of entertainment here.&nbsp;<\/span><\/p><p style=\"text-align: justify; margin-left: 20px; margin-right: 10px;\"><span style=\"color: rgb(49, 52, 57); font-family: Open Sans; font-size: 13px;\"><br><\/span><\/p><p style=\"text-align: justify; margin-left: 20px; margin-right: 10px;\"><span style=\"color: rgb(49, 52, 57); font-family: Open Sans; font-size: 13px;\">&nbsp;We can also visit other beaches in the area, which have a slightly different image. Cala del Turco beach is also an exciting little microworld: a real gem, as it is a corner of paradise purity and tranquility, surrounded by many small sea caves. The third beach option is the white sandy beach of Sibaritide, a few kilometers from Roseto, or the yellow sandy beach of Villapiana.<\/span><\/p>\n<p style=\"text-align: left; margin-left: 20px; margin-right: 20px;\"><font color=\"#57c9e8\" face=\"open sans\"><span style=\"font-size: 18px;\">TOURISM<\/span><\/font><\/p><p style=\"text-align: left; margin-left: 20px; margin-right: 20px;\"><font color=\"#57c9e8\" face=\"open sans\"><span style=\"font-size: 18px;\"><br><\/span><\/font><\/p><p style=\"text-align: justify; margin-left: 20px; margin-right: 20px;\"><span style=\"color: rgb(49, 52, 57); font-family: Open Sans; font-size: 13px;\">Gyere a k\u00e1pr\u00e1zatos Calabri\u00e1ba, fedezd fel a m\u00edtoszok f\u00f6ldj\u00e9t: az inspir\u00e1l\u00f3 zord dombokat \u00e9s gy\u00f6ny\u00f6r\u0171s\u00e9ges tengerpartot.\n\nEhhez remek lehet\u0151s\u00e9g a Casa Roseto Apartman, ahonnan  csillagt\u00far\u00e1zhatsz, felfedezheted a k\u00f6rny\u00e9ket, vagy egyszer\u0171en les\u00e9t\u00e1lhatsz a partra hogy megm\u00e1rt\u00f3zz a J\u00f3n-tenger b\u00e1rsonyos viz\u00e9ben.<\/span><\/p><p style=\"text-align: justify; margin-left: 20px; margin-right: 20px;\"><span style=\"color: rgb(49, 52, 57); font-family: Open Sans; font-size: 13px;\">&nbsp;<\/span><\/p><p style=\"text-align: justify; margin-left: 20px; margin-right: 20px;\"><span style=\"color: rgb(49, 52, 57); font-family: Rokkitt; font-size: 16px;\">&nbsp;The region is incredibly rich in art and culture. According to local tradition, the great seafaring adventurer of Greek mythology, Odysseus, also visited this region, but the locals called him Ulisses in a somewhat \"Italian\" way...&nbsp;<\/span><\/p><p style=\"text-align: justify; margin-left: 20px; margin-right: 20px;\"><span style=\"color: rgb(49, 52, 57); font-family: Rokkitt; font-size: 16px;\"><br><\/span><\/p><p style=\"text-align: justify; margin-left: 20px; margin-right: 20px;\"><span style=\"color: rgb(49, 52, 57); font-family: Rokkitt; font-size: 16px;\">Its landscapes are simply breathtaking, just think of the crystal clear waters of the Ionian Sea and the sky-high, dazzling, yet somewhat rugged mountains of the Apennine Mountains. It is no wonder that this land has become the starting point for countless myths and legends throughout history. After all, Ulysses sailed through Calabria\u2026\n\nRoseto Capo Spulico is one of the most beautiful areas of Calabria, it is worth taking a closer look at the region.<\/span><\/p>\n<p style=\"text-align: left; margin-left: 20px; margin-right: 20px;\"><br><font color=\"#57c9e8\" face=\"open sans\"><span style=\"font-size: 18px;\">HISTORY<\/span><\/font><\/p><p style=\"text-align: justify; margin-left: 20px; margin-right: 20px;\"><span style=\"color: rgb(49, 52, 57); font-family: Open Sans; font-size: 13px;\">The ancient castle of Roseto, Castello di Roseto, stands on the Tangier coast. The castle, located in the picturesque Calabria region, dates back to the 10th century. At that time, it played an important role as a strategic fortress, even during the Norman conquest.&nbsp;<\/span><\/p><p style=\"text-align: justify; margin-left: 20px; margin-right: 20px;\"><span style=\"color: rgb(49, 52, 57); font-family: Open Sans; font-size: 13px;\">Az er\u0151d \u00e9p\u00edt\u00e9szet\u00e9ben k\u00fcl\u00f6nb\u00f6z\u0151 st\u00edlusok r\u00e9v\u00e9n k\u00f6sz\u00f6n vissza a r\u00e9gi korok \u00e9s uralkod\u00f3k hat\u00e1sa: normann alapok, a biz\u00e1nci hat\u00e1s, renesz\u00e1nsz st\u00edlusjegyek egy\u00fctt. Roseto kast\u00e9lya olyan, ak\u00e1r egy k\u0151b\u0151l k\u00e9sz\u00edtett kolossz\u00e1lis m\u00e9ret\u0171 id\u0151kapszula, ahol minden k\u0151 elmes\u00e9li a maga saj\u00e1tos t\u00f6rt\u00e9net\u00e9t. K\u00f6zvetlen\u00fcl egy szikla sz\u00e9l\u00e9n helyezkedik el, \u00e9kes bizonys\u00e1g\u00e1ul annak, milyen kiemelked\u0151en fontos szerepet j\u00e1tszott a sz\u00e1razf\u00f6ld v\u00e9delm\u00e9ben: v\u00e9delmezte a roset\u00f3i partokat a tengerr\u0151l \u00e9rkez\u0151 t\u00e1mad\u00e1sokt\u00f3l.\n\nIzgalom \u00e9s misztikum kevered\u00e9se: a legend\u00e1k szerint II. Frigyes uralkod\u00e1sa alatt (1204 \u00e9s 1253 k\u00f6z\u00f6tt) a Templomos Lovagrend ebben a kast\u00e9lyban rejtegette a torin\u00f3i szent leplet, amely J\u00e9zus s\u00edrj\u00e1b\u00f3l sz\u00e1rmazott.\n\nMintha a &#8222;Tr\u00f3nok Harca&#8221; val\u00f3di jeleneteit l\u00e1tn\u00e1nk: a v\u00e1r vastag k\u0151falai \u00e9s sz\u00e9ps\u00e9ges tornyai k\u0151kem\u00e9ny csat\u00e1kr\u00f3l \u00e9s kalandos ostromokr\u00f3l mes\u00e9lnek.&nbsp;<\/span><\/p><p style=\"text-align: justify; margin-left: 20px; margin-right: 20px;\"><span style=\"color: rgb(49, 52, 57); font-family: Open Sans; font-size: 13px;\">They offer a glimpse into those centuries of Italian history, full of intrigue and romance, when fortresses like Castello di Roseto were stone citadels of power. The ancient stones bear witness to centuries of medieval history. Here the Norman knights tried to conquer the castle, and between the stone walls lived the noble Calabrian families who could call this place their home.<\/span><\/p>\n\n<p style=\"text-align: right; font-family: Rokkitt; font-size: 18px; color: #fff; margin-right: 10px;\">Roseto Capo Spulito<\/p>\n\n\n\n\n\n\n\n\n<h2 style=\"color: rgb(0, 138, 0);\">Why choose us?<\/h2>\n\n\n\n\n\n<p style=\"font-family:Open Sans; font-size: 16px;\">100 meters<\/p>\n\n\n<p style=\"font-family:Open Sans; font-size: 16px;\">60 Eur\u00f3 &#8211; 110 Eur\u00f3 \/ \u00c9j<\/p>\n\n\n<p style=\"font-family:Open Sans; font-size: 16px;\">\n\n\n\n\nfor comfort<\/p>\n\n\n<p style=\"font-family:Open Sans; font-size: 16px;\">\n\n\n\n\nfree, fast internet<\/p>\n\n\n<p style=\"font-family:Open Sans; font-size: 16px;\">\n\n\n\n\nthey shouldn't stay at home either<\/p>\n\n\n\n\n<p style=\"text-align: center; font-family:Open Sans; font-size: 14px;\">Choose our accommodation if you are looking for true Italian hospitality, beautiful coastal views and a peaceful yet exciting break. Casa Roseto apartment is the perfect base for exploring the area and region \u2013 in a stylish, comfortable and uplifting environment. Don't hesitate \u2013 <strong data-start=\"275\" data-end=\"291\">book now,<\/strong>and experience the southern Italian way of life!<\/p>\n\n\n\n\n\n\n\n\n\n\n<h2>Where you feel at home,<\/h2>\n<h2>our apartment<\/h2>\n\n\n\n\n\n<br><p style=\"color:#fff; font-size:50px; font-family: Rokkitt;\"><font dir=\"auto\" style=\"vertical-align: inherit;\"><font dir=\"auto\" style=\"vertical-align: inherit;\">Balcony<\/font><\/font><\/p>\n\n\n<br><p style=\"color:#fff; font-size:50px; font-family: Rokkitt;\">Rest<\/p>\n\n\n<br><p style=\"color:#fff; font-size:50px; font-family: Rokkitt;\">Bedroom<\/p>\n\n\n\n\n<br><p style=\"color:#fff; font-size:50px; font-family: Rokkitt;\">Living room<\/p>\n\n\n<br><p style=\"color:#fff; font-size:50px; font-family: Rokkitt;\">Bathroom<\/p>\n\n\n<br><p style=\"color:#fff; font-size:50px; font-family: Rokkitt;\">Kitchen<\/p>\n\n\n\n\n<br><p style=\"color:#fff; font-size:50px; font-family: Rokkitt;\"><font dir=\"auto\" style=\"vertical-align: inherit;\"><font dir=\"auto\" style=\"vertical-align: inherit;\">Comfort<\/font><\/font><\/p>\n\n\n<br><p style=\"color:#fff; font-size:50px; font-family: Rokkitt;\">Coffee<\/p>\n\n\n<br><p style=\"color:#fff; font-size:50px; font-family: Rokkitt;\">Pet<\/p>\n\n\n\n\n\n\n\n\n<h2 style=\"color: rgb(225, 144, 37);\">Roseto lifestyle in pictures<\/h2>\n<h2>Where roses and cherries create a holiday<\/h2>\n\n\n\n\n\n\n\n\n\n\n<h2 style=\"color: rgb(225, 144, 37);\">Tavasszal vir\u00e1gba borul a v\u00e1ros, m\u00e1jusban fesztiv\u00e1lok, ny\u00e1ron pezsg\u0151 tengerparti hangulat v\u00e1r. K\u00e9zm\u0171ves piacok, olasz k\u00e1v\u00e9z\u00f3k, \u00e9s az a bizonyos \u201edolce vita\u201d \u00e9let\u00e9rz\u00e9s&#8230;<\/h2>\n<p style=\"color: rgb(34, 34, 34); font-family: Dancing Script; font-size: small; background-color: rgb(255, 255, 255);\"><span style=\"font-family: &quot;Times New Roman&quot;, serif; font-size: 12pt; text-align: justify;\">\n<\/span><\/p><p class=\"MsoNormal\" style=\"margin: 0cm 0cm 10pt; color: rgb(8, 8, 9); background-color: rgb(255, 255, 255); text-align: justify; line-height: 16.8667px; font-size: 12pt; font-family: Open sans;\"><strong><span style=\"font-size: 20pt; line-height: 20px; font-family: Dancing Script;, serif;\">Excursion to Roseto Castle<\/span><\/strong><\/p>\n<p class=\"MsoNormal\" style=\"margin: 0cm 0cm 10pt; color: rgb(8, 8, 9); background-color: rgb(255, 255, 255); text-align: justify; line-height: 16.8667px; font-size: 12pt; font-family: Open sans;\"><strong><span style=\"font-size: 20pt; line-height: 20px; font-family: Dancing Script;, serif;\"><\/span><\/strong><\/p><p style=\"color: rgb(34, 34, 34); font-family: Open Sans; font-size: 14; background-color: rgb(255, 255, 255);\"><span style=\"font-family:Open Sans; font-size: 14pt; text-align: justify;\">\n<\/span><\/p><p class=\"MsoNormal\" style=\"margin: 0cm 0cm 10pt; text-align: justify; line-height: 16.8667px; font-size: 11pt; font-family: Calibri, sans-serif;\"><span style=\"font-size: 10pt; line-height: 18px; font-family: Open Sans;\">Discover the Castle of Roseto, one of the mysterious gems of Calabria, which is eager to share its secrets and stories with you and your family.<\/span><\/p><p style=\"color: rgb(34, 34, 34); font-family: Open Sans; font-size: 14; background-color: rgb(255, 255, 255);\"><span style=\"font-family:Open Sans; font-size: 14pt; text-align: justify;\">\n<\/span><\/p><p class=\"MsoNormal\" style=\"margin: 0cm 0cm 10pt; text-align: justify; line-height: 16.8667px; font-size: 11pt; font-family: Calibri, sans-serif;\"><span style=\"font-size: 10pt; line-height: 18px; font-family: Open Sans;\">\u201cThe well of the past runs deep,\u201d wrote Thomas Mann, and now it\u2019s time to delve into one of the historical gems of Roseto\u2019s past, the Castello di Roseto, which showcases medieval life! The magnificent structure is not just a sight to behold, but a journey through time incarnate to a place where the legends of Roseto come to life, taking shape before our eyes.<\/span><\/p><p style=\"color: rgb(34, 34, 34); font-family: Open Sans; font-size: 14; background-color: rgb(255, 255, 255);\"><span style=\"font-family:Open Sans; font-size: 14pt; text-align: justify;\">\n<\/span><\/p><p class=\"MsoNormal\" style=\"margin: 0cm 0cm 10pt; text-align: justify; line-height: 16.8667px; font-size: 11pt; font-family: Calibri, sans-serif;\"><span style=\"font-size: 10pt; line-height: 18px; font-family: Open Sans;\">The castle's walls and interior architectural solutions promise a dazzling experience that will leave every visitor with a sensitivity to beauty speechless. This castle has something for everyone, whether you are a history buff, a lover of legends, or simply an aesthetic enthusiast who loves to admire the magical view.<\/span><\/p><p style=\"color: rgb(34, 34, 34); font-family: Open Sans; font-size: 14; background-color: rgb(255, 255, 255);\"><span style=\"font-family:Open Sans; font-size: 14pt; text-align: justify;\">\n<\/span><\/p><p class=\"MsoNormal\" style=\"margin: 0cm 0cm 10pt; text-align: justify; line-height: 16.8667px; font-size: 11pt; font-family: Calibri, sans-serif;\"><span style=\"font-size: 10pt; line-height: 18px; font-family: Open Sans;\">It's worth planning your visit to the Castrum well in advance, so you can get the most out of your historical walk here.<\/span><\/p>\n\n\n\n\n<h2>ROSETO IN PICTURES<\/h2>\n<h2><span style=\"color: rgb(0, 0, 0); font-family: &quot;open sans&quot;; font-size: 16px; font-weight: 400;\">Cozy streets, Mediterranean sunsets, historic walls, rose gardens and crystal clear sea.<\/span><\/h2>\n<h2><strong style=\"color: rgb(0, 0, 0); font-family: &quot;open sans&quot;; font-size: 16px;\">Immerse yourself in the colorful world of Roseto!<\/strong><\/h2>\n\n\n\n\n\n<p style=\"color: rgb(34, 34, 34); font-family: &quot;Open Sans&quot;; background-color: rgb(255, 255, 255); text-align: left;\"><strong>1. Choose comfortable shoes!<\/strong><\/p><p style=\"color: rgb(34, 34, 34); font-family: Open Sans; font-size: 14; background-color: rgb(255, 255, 255);\"><span style=\"font-family:Open Sans; font-size: 14pt; text-align: justify;\">\n<\/span><\/p><p class=\"MsoNormal\" style=\"margin: 0cm 0cm 10pt; text-align: justify; line-height: 16.8667px; font-size: 11pt; font-family: Calibri, sans-serif;\"><span style=\"font-size: 10pt; line-height: 18px; font-family: Open Sans;\">Wear extra comfortable shoes for the tour, as there are a lot of stairs in the building. The castle grounds and the surrounding area require quite a bit of walking if you want to immerse yourself in the historical atmosphere. It is good to feel comfortable while exploring.<\/span><\/p><p style=\"color: rgb(34, 34, 34); font-family: Open Sans; font-size: 14; background-color: rgb(255, 255, 255);\"><span style=\"font-family:Open Sans; font-size: 14pt; text-align: justify;\">\n<\/span><\/p><p class=\"MsoNormal\" style=\"margin: 0cm 0cm 10pt; text-align: justify; line-height: 16.8667px; font-size: 11pt; font-family: Calibri, sans-serif;\"><span style=\"font-size: 12pt; line-height: 18px; font-family: Open Sans;\"><strong>2. Golden rule: bring a good camera!<\/strong><\/span><\/p><p style=\"color: rgb(34, 34, 34); font-family: Open Sans; font-size: 14; background-color: rgb(255, 255, 255);\"><span style=\"font-family:Open Sans; font-size: 14pt; text-align: justify;\"><strong>\n<\/strong><\/span><\/p><p class=\"MsoNormal\" style=\"margin: 0cm 0cm 10pt; text-align: justify; line-height: 16.8667px; font-size: 11pt; font-family: Calibri, sans-serif;\"><span style=\"font-size: 10pt; line-height: 18px; font-family: Open Sans;\">Because this way you can \"shoot\" much more artistic photos than if you were taking pictures with your mobile phone. On the other hand, the view from the castle is stunning, and it is worth capturing so that you can look back on it with a wide smile in your family photo albums later.<\/span><\/p><p style=\"color: rgb(34, 34, 34); font-family: Open Sans; font-size: 14; background-color: rgb(255, 255, 255);\"><span style=\"font-family:Open Sans; font-size: 14pt; text-align: justify;\">\n<\/span><\/p><p class=\"MsoNormal\" style=\"margin: 0cm 0cm 10pt; text-align: justify; line-height: 16.8667px; font-size: 11pt; font-family: Calibri, sans-serif;\"><span style=\"font-size: 12pt; line-height: 18px; font-family: Open Sans;\"><strong>3. Take time for a historical walk!<\/strong><\/span><\/p><p style=\"color: rgb(34, 34, 34); font-family: Open Sans; font-size: 14; background-color: rgb(255, 255, 255);\"><span style=\"font-family:Open Sans; font-size: 14pt; text-align: justify;\"><strong>\n<\/strong><\/span><\/p><p class=\"MsoNormal\" style=\"margin: 0cm 0cm 10pt; text-align: justify; line-height: 16.8667px; font-size: 11pt; font-family: Calibri, sans-serif;\"><span style=\"font-size: 10pt; line-height: 18px; font-family: Open Sans;\">Castello di Roseto is a beautiful place that you can't rush through. Spend as much time as possible in these rooms. Admire the beautiful views and imagine what life must have been like in a former medieval fortress. It's an experience that will stay with you long after you return from Roseto to your busy everyday life.<\/span><\/p><p style=\"color: rgb(34, 34, 34); font-family: Open Sans; font-size: 14; background-color: rgb(255, 255, 255);\"><span style=\"font-family:Open Sans; font-size: 14pt; text-align: justify;\">\n<\/span><\/p><p class=\"MsoNormal\" style=\"margin: 0cm 0cm 10pt; text-align: justify; line-height: 16.8667px; font-size: 11pt; font-family: Calibri, sans-serif;\"><span style=\"font-size: 11pt; line-height: 18px; font-family: Open Sans;\"><strong>Tipp:<\/strong> There is a restaurant in the castle, from whose terrace you can admire the sunset. Does it get any more romantic than that?<\/span><\/p>\n\n<p style=\"text-align: right; font-family: Rokkitt; font-size: 18px; color: #fff; margin-right: 10px;\">Roseto Capo Spulico<\/p>\n\n\n\n\n\n\n\n\n<h2>Partnereink \u00e9s fizet\u00e9s<\/h2>\n<h2>ahol megjelen\u00fcnk<\/h2>\n\n\n\n\n\n\n\n\n\n\n\n\n\n\n\n\n\n\n\n\n\n\n\n\n\n\n\n\n\n\n\n\n\n\n\n<h2>Gondolatok &#038; V\u00e9lem\u00e9nyek<\/h2>\n<h2>vend\u00e9geink<\/h2>\n\n\n\n\n\n\n\n\n\n\n\n\n\n\nRoseto k\u00e9pekben\n<p style=\"font-family: open sans; font-size: 16px; color: rgb(0, 0, 0); line-height: 1.5;\"><span style=\"line-height: 0.9;\">Cozy streets, Mediterranean sunsets, historic walls, rose gardens and crystal clear sea.<\/span><\/p>\n<p style=\"font-family: open sans; font-size: 16px; color: rgb(0, 0, 0); line-height: 1.5;\"><span style=\"line-height: 0.9;\"><\/span><br data-start=\"1466\" data-end=\"1469\">\n<span data-start=\"1469\" data-end=\"1505\" style=\"\"><strong>Immerse yourself in the colorful world of Roseto!<\/strong><\/span><\/p>\n\n\n\n\n\n\n\n\n\n\n\n\n\n\n\n\n\n\n\n\n\n\n\n\n\n\n\n\n\n\n\n\n\n\n\n\n\n\n\n\n\n\n\n\n\n\n\n\n\n\n\n\n\n\n\n\n\n\n\n\n\n\n\n\n\n\n\n\n\n\n\n\n\n\n\n\n\n\n\n\n\n\n\n\n\n\n\n\n\n\n\n\n\n\n\n\n\n\n\n\n\n\n\n\n\n\n\n\n\n\n\n\n\n\n\n\n\n\n\n\n\n\n<p style=\"text-align: center; font-family:Open sans; font-size: 24px;\"><strong data-start=\"1613\" data-end=\"1673\">Are you ready for a vacation you will always remember?<\/strong><br data-start=\"1673\" data-end=\"1676\">\n<span data-start=\"1676\" data-end=\"1730\">Book now and experience the magic of Roseto first hand!<\/span><\/p>","protected":false},"excerpt":{"rendered":"","protected":false},"author":1,"featured_media":0,"parent":0,"menu_order":0,"comment_status":"closed","ping_status":"closed","template":"","meta":{"pagelayer_contact_templates":[],"_pagelayer_content":"","footnotes":""},"class_list":["post-47","page","type-page","status-publish","hentry"],"_links":{"self":[{"href":"https:\/\/helloroseto.com\/en\/wp-json\/wp\/v2\/pages\/47","targetHints":{"allow":["GET"]}}],"collection":[{"href":"https:\/\/helloroseto.com\/en\/wp-json\/wp\/v2\/pages"}],"about":[{"href":"https:\/\/helloroseto.com\/en\/wp-json\/wp\/v2\/types\/page"}],"author":[{"embeddable":true,"href":"https:\/\/helloroseto.com\/en\/wp-json\/wp\/v2\/users\/1"}],"replies":[{"embeddable":true,"href":"https:\/\/helloroseto.com\/en\/wp-json\/wp\/v2\/comments?post=47"}],"version-history":[{"count":101,"href":"https:\/\/helloroseto.com\/en\/wp-json\/wp\/v2\/pages\/47\/revisions"}],"predecessor-version":[{"id":987,"href":"https:\/\/helloroseto.com\/en\/wp-json\/wp\/v2\/pages\/47\/revisions\/987"}],"wp:attachment":[{"href":"https:\/\/helloroseto.com\/en\/wp-json\/wp\/v2\/media?parent=47"}],"curies":[{"name":"wp","href":"https:\/\/api.w.org\/{rel}","templated":true}]}}