{"id":2,"date":"2025-05-05T09:21:09","date_gmt":"2025-05-05T09:21:09","guid":{"rendered":"http:\/\/helloroseto.com\/?page_id=2"},"modified":"2025-07-22T08:56:43","modified_gmt":"2025-07-22T08:56:43","slug":"sample-page","status":"publish","type":"page","link":"https:\/\/helloroseto.com\/en\/sample-page\/","title":{"rendered":"Imprint"},"content":{"rendered":"<p class=\"elementor-element elementor-element-a6bf4ee elementor-widget elementor-widget-heading\" data-id=\"a6bf4ee\" data-element_type=\"widget\" data-widget_type=\"heading.default\" style=\"box-sizing: border-box; --flex-direction: initial; --flex-wrap: initial; --justify-content: initial; --align-items: initial; --align-content: initial; --gap: initial; --flex-basis: initial; --flex-grow: initial; --flex-shrink: initial; --order: initial; --align-self: initial; align-self: auto; flex: 0 1 auto; order: 0; place-content: normal; align-items: normal; flex-flow: row; gap: normal; position: relative; --widgets-spacing: 20px 20px; --widgets-spacing-row: 20px; --widgets-spacing-column: 20px; width: 1120px; margin-bottom: 20px; margin-block-end: 20px; font-family: Oswald, sans-serif; font-size: 25px; background-color: ; outline: 0px !important;\"><\/p><p class=\"elementor-widget-container\" style=\"box-sizing: border-box; transition: background 0.3s, border 0.3s, border-radius 0.3s, box-shadow 0.3s, transform 0.4s; padding-top: 100px; padding-left: 100px; outline: 0px !important;\"><\/p><h2 class=\"elementor-heading-title elementor-size-default\" style=\"box-sizing: border-box; line-height: 1; clear: both; font-size: 35px; font-family: Oswald, sans-serif; outline: 0px !important;\"><\/h2><span style=\"color:#0066cc;\"><p class=\"elementor-element elementor-element-a6bf4ee elementor-widget elementor-widget-heading\" data-id=\"a6bf4ee\" data-element_type=\"widget\" data-widget_type=\"heading.default\" style=\"box-sizing: border-box; --flex-direction: initial; --flex-wrap: initial; --justify-content: initial; --align-items: initial; --align-content: initial; --gap: initial; --flex-basis: initial; --flex-grow: initial; --flex-shrink: initial; --order: initial; --align-self: initial; align-self: auto; flex: 0 1 auto; order: 0; place-content: normal; align-items: normal; flex-flow: row; gap: normal; position: relative; --widgets-spacing: 20px 20px; --widgets-spacing-row: 20px; --widgets-spacing-column: 20px; width: 1120px; margin-bottom: 20px; margin-block-end: 20px; font-family: Oswald, sans-serif; font-size: 25px; background-color: ; outline: 0px !important;\"><\/p><p class=\"elementor-widget-container\" style=\"box-sizing: border-box; transition: background 0.3s, border 0.3s, border-radius 0.3s, box-shadow 0.3s, transform 0.4s; padding-top: 100px; padding-left: 100px; outline: 0px !important;\"><\/p><h2 class=\"elementor-heading-title elementor-size-default\" style=\"box-sizing: border-box; line-height: 1; clear: both; font-size: 35px; font-family: Oswald, sans-serif; outline: 0px !important;\">Imprint<\/h2><p><\/p><p><\/p><p class=\"elementor-element elementor-element-d1fd1bf elementor-widget elementor-widget-text-editor\" data-id=\"d1fd1bf\" data-element_type=\"widget\" data-widget_type=\"text-editor.default\" style=\"box-sizing: border-box; --flex-direction: initial; --flex-wrap: initial; --justify-content: initial; --align-items: initial; --align-content: initial; --gap: initial; --flex-basis: initial; --flex-grow: initial; --flex-shrink: initial; --order: initial; --align-self: initial; align-self: auto; flex: 0 1 auto; order: 0; place-content: normal; align-items: normal; flex-flow: row; gap: normal; position: relative; --widgets-spacing: 20px 20px; --widgets-spacing-row: 20px; --widgets-spacing-column: 20px; font-family: Oswald, sans-serif; font-size: 18px; width: 1120px; text-align: justify; background-color: rgb(255, 255, 255); outline: 0px !important;\"><\/p><p class=\"elementor-widget-container\" style=\"box-sizing: border-box; transition: background 0.3s, border 0.3s, border-radius 0.3s, box-shadow 0.3s, transform 0.4s; padding-top: 100px; padding-bottom: 100px; padding-left: 100px; outline: 0px !important;\"><\/p><p style=\"box-sizing: border-box; margin-bottom: 15px; outline: 0px !important;\"><strong style=\"box-sizing: border-box; outline: 0px !important; font-weight: bold;\">ADATAIM<\/strong><\/p><p style=\"box-sizing: border-box; margin-bottom: 15px; outline: 0px !important;\">&nbsp;<\/p><p style=\"box-sizing: border-box; margin-bottom: 15px; outline: 0px !important;\">C\u00e9gn\u00e9v: Casa Roseto Apartman<br style=\"box-sizing: border-box; outline: 0px !important;\">C\u00edm: Via Metaponto, Roseto Capo Spulico, Italy<br style=\"box-sizing: border-box; outline: 0px !important;\">Telefon: +36704082818<br style=\"box-sizing: border-box; outline: 0px !important;\">E-mail: info@helloroseto.com<br style=\"box-sizing: border-box; outline: 0px !important;\">Internet: www.helloroseto.com<\/p><p style=\"box-sizing: border-box; margin-bottom: 15px; outline: 0px !important;\"><strong style=\"box-sizing: border-box; outline: 0px !important; font-weight: bold;\">Ad\u00f3sz\u00e1m:<\/strong>&nbsp;56358375-1-25<span style=\"font-family: &quot;Open Sans&quot;;\">&nbsp;<\/span><\/p><\/span>\n<span style=\"color:#0066cc;\"><p style=\"box-sizing: border-box; margin-bottom: 15px; outline: 0px !important;\"><strong style=\"box-sizing: border-box; outline: 0px !important; font-weight: bold;\">ENGED\u00c9LYEK<\/strong><\/p><p style=\"box-sizing: border-box; margin-bottom: 15px; outline: 0px !important;\"><strong style=\"box-sizing: border-box; outline: 0px !important; font-weight: bold;\">CIR:<\/strong>&nbsp;078107-AAT-00045<br style=\"box-sizing: border-box; outline: 0px !important;\"><strong style=\"box-sizing: border-box; outline: 0px !important; font-weight: bold;\">CIN:<\/strong>&nbsp;IT078107C2I3G3KLKW<\/p><\/span>\n<span style=\"color:#0066cc;\"><p style=\"box-sizing: border-box; margin-bottom: 15px; outline: 0px !important;\"><strong style=\"box-sizing: border-box; outline: 0px !important; font-weight: bold;\">T\u00c1RHELYSZOLG\u00c1LTAT\u00d3<\/strong><\/p><p style=\"box-sizing: border-box; margin-bottom: 15px; outline: 0px !important;\">&nbsp;<\/p><p style=\"box-sizing: border-box; margin-bottom: 15px; outline: 0px !important;\">C\u00e9gn\u00e9v: T\u00e1rhely.Eu Kft.<\/p><p style=\"box-sizing: border-box; margin-bottom: 15px; outline: 0px !important;\">Sz\u00e9khelye:<em style=\"box-sizing: border-box; outline: 0px !important;\">&nbsp;1144 Budapest, Orm\u00e1ns\u00e1g u. 4.<\/em><\/p><p style=\"box-sizing: border-box; margin-bottom: 15px; outline: 0px !important;\">K\u00f6zponti e-mail c\u00edme: info@<span style=\"box-sizing: border-box; outline: 0px !important; font-weight: bolder;\">tarhely<\/span>.<span style=\"box-sizing: border-box; outline: 0px !important; font-weight: bolder;\">eu<\/span>.<\/p><p style=\"box-sizing: border-box; margin-bottom: 15px; outline: 0px !important;\"><strong style=\"box-sizing: border-box; outline: 0px !important; font-weight: bold;\">C\u00e9gjegyz\u00e9ksz\u00e1m:<\/strong>&nbsp;01-09-909968<br style=\"box-sizing: border-box; outline: 0px !important;\"><strong style=\"box-sizing: border-box; outline: 0px !important; font-weight: bold;\">Ad\u00f3sz\u00e1m:<\/strong>&nbsp;14571332-2-42<\/p><\/span>","protected":false},"excerpt":{"rendered":"","protected":false},"author":1,"featured_media":0,"parent":0,"menu_order":0,"comment_status":"closed","ping_status":"closed","template":"","meta":{"pagelayer_contact_templates":[],"_pagelayer_content":"","footnotes":""},"class_list":["post-2","page","type-page","status-publish","hentry"],"_links":{"self":[{"href":"https:\/\/helloroseto.com\/en\/wp-json\/wp\/v2\/pages\/2","targetHints":{"allow":["GET"]}}],"collection":[{"href":"https:\/\/helloroseto.com\/en\/wp-json\/wp\/v2\/pages"}],"about":[{"href":"https:\/\/helloroseto.com\/en\/wp-json\/wp\/v2\/types\/page"}],"author":[{"embeddable":true,"href":"https:\/\/helloroseto.com\/en\/wp-json\/wp\/v2\/users\/1"}],"replies":[{"embeddable":true,"href":"https:\/\/helloroseto.com\/en\/wp-json\/wp\/v2\/comments?post=2"}],"version-history":[{"count":5,"href":"https:\/\/helloroseto.com\/en\/wp-json\/wp\/v2\/pages\/2\/revisions"}],"predecessor-version":[{"id":919,"href":"https:\/\/helloroseto.com\/en\/wp-json\/wp\/v2\/pages\/2\/revisions\/919"}],"wp:attachment":[{"href":"https:\/\/helloroseto.com\/en\/wp-json\/wp\/v2\/media?parent=2"}],"curies":[{"name":"wp","href":"https:\/\/api.w.org\/{rel}","templated":true}]}}